{"id":4230,"date":"2015-05-30T07:24:59","date_gmt":"2015-05-30T05:24:59","guid":{"rendered":"https:\/\/yogoland.eu\/home\/"},"modified":"2025-07-17T00:44:19","modified_gmt":"2025-07-16T22:44:19","slug":"home","status":"publish","type":"page","link":"https:\/\/yogoland.eu\/es\/","title":{"rendered":"comenzar"},"content":{"rendered":"<p>[vc_row row_style=\u00bbfull-width\u00bb padding_size=\u00bbno-padding\u00bb][vc_column][rev_slider_vc alias=\u00bbslider-es\u00bb button_style=\u00bb2&#8243; color=\u00bb#c9a74d\u00bb][\/vc_column][\/vc_row][vc_row background_color=\u00bb#262626&#8243;][vc_column][vc_column_text]<\/p>\n<h5 style=\"text-align: center;\"><span style=\"color: #c9a74d;\">Wybierz smak jogurtu i dobierz ulubione dodatki!<\/span><\/h5>\n<p>[\/vc_column_text][wyde_separator el_width=\u00bb50%\u00bb color=\u00bb#c9a74d\u00bb][wyde_clients_carousel images=\u00bb3204,3195,3181,3175,2959,2957,2956,2954,2952,2950,2947,2945,2943,2940,2936,2933,2929,2926,2924,2922,2918,2914,2910&#8243; image_size=\u00bbfull\u00bb visible_items=\u00bb6&#8243; show_navigation=\u00bbtrue\u00bb auto_play=\u00bb3&#8243; slide_loop=\u00bbtrue\u00bb][\/vc_column][vc_column][\/vc_column][\/vc_row][vc_row row_style=\u00bbfull-width\u00bb vertical_align=\u00bbmiddle\u00bb padding_size=\u00bbno-padding\u00bb background_color=\u00bb#f5f5f5&#8243; bg_image_url=\u00bbhttp:\/\/yogoland.eu\/wp-content\/uploads\/2019\/02\/dodatki-150&#215;150.jpg\u00bb parallax=\u00bbparallax\u00bb background_overlay=\u00bbcolor\u00bb overlay_color=\u00bb#020202&#8243; overlay_opacity=\u00bb0.1&#8243; background_image=\u00bb2360&#8243;][vc_column text_align=\u00bbright\u00bb width=\u00bb1\/4&#8243; css=\u00bb.vc_custom_1437131786305{padding-right: 2% !important;padding-left: 2% !important;}\u00bb][\/vc_column][vc_column background_color=\u00bb#191919&#8243; width=\u00bb1\/4&#8243;][vc_custom_heading text=\u00bbBogactwo dodatk\u00f3w\u00bb font_container=\u00bbtag:h2|font_size:50px|text_align:right|color:%23c9a542|line_height:1.1&#8243; google_fonts=\u00bbfont_family:Quicksand%3A300%2Cregular%2C700|font_style:400%20regular%3A400%3Anormal\u00bb text_transform=\u00bbnone\u00bb el_class=\u00bboverlap-left\u00bb animation=\u00bbfadeInLeft\u00bb][vc_column_text css=\u00bb.vc_custom_1571382621604{margin-left: 0px !important;}\u00bb]<\/p>\n<p style=\"text-align: justify;\"><span style=\"color: white;\">Skomponuj sw\u00f3j ulubione deser!<br \/>\nWyb\u00f3r i kreatywno\u015b\u0107 zawsze w r\u0119kach naszych go\u015bci!<\/span><\/p>\n<p>[\/vc_column_text][vc_empty_space][wyde_button title=\u00bbPoznaj dodatki\u00bb size=\u00bblarge\u00bb color=\u00bb#020202&#8243; bg_color=\u00bb#c9a542&#8243; css=\u00bb.vc_custom_1550933527903{background-color: #c9a542 !important;}\u00bb][vc_empty_space][\/vc_column][vc_column padding_size=\u00bbno-padding\u00bb width=\u00bb1\/4&#8243;][vc_single_image image=\u00bb2298&#8243; alignment=\u00bbcenter\u00bb responsive=\u00bbtrue\u00bb][\/vc_column][vc_column background_color=\u00bb#161616&#8243; width=\u00bb1\/4&#8243;][vc_empty_space height=\u00bb120px\u00bb][vc_custom_heading text=\u00bbJogurt mro\u017cony\u00bb font_container=\u00bbtag:h2|font_size:50px|text_align:left|color:%23c9a542|line_height:1.1&#8243; google_fonts=\u00bbfont_family:Quicksand%3A300%2Cregular%2C700|font_style:400%20regular%3A400%3Anormal\u00bb text_transform=\u00bbnone\u00bb el_class=\u00bboverlap-left\u00bb animation=\u00bbfadeInLeft\u00bb][vc_custom_heading text=\u00bbTylko od YOGOLAND\u00bb font_container=\u00bbtag:p|font_size:20px|text_align:left|color:%23ffffff|line_height:20px\u00bb google_fonts=\u00bbfont_family:Quicksand%3A300%2Cregular%2C700|font_style:300%20light%20regular%3A300%3Anormal\u00bb text_transform=\u00bbuppercase\u00bb letter_spacing=\u00bb3.5px\u00bb][vc_column_text css=\u00bb.vc_custom_1550929056875{margin-top: -10px !important;padding-right: 10% !important;}\u00bb]<span style=\"color: white;\">Najwy\u017cszej jako\u015bci mro\u017cony jogurt jest zdrowy i bezt\u0142uszczowy, ma obni\u017con\u0105 kaloryczno\u015b\u0107 i dlatego jest znakomit\u0105 alternatyw\u0105 dla przek\u0105sek typu fast food oraz deser\u00f3w na bazie wysoko kalorycznych lod\u00f3w. Dzi\u0119ki najwy\u017cszej jako\u015bci bazy\/pudru, dajemy ci od\u017cywczy, pyszny, delikatny, lekki i doskona\u0142y w smaku mro\u017cony jogurt. <\/span>[\/vc_column_text][vc_empty_space][wyde_link_button title=\u00bbSPRAWD\u0179 MENU\u00bb icon_set=\u00bbtypicons\u00bb icon_typicons=\u00bbtypcn typcn-arrow-right\u00bb style=\u00bbnone\u00bb css=\u00bb.vc_custom_1550929164418{padding-top: 0px !important;padding-right: 0px !important;padding-bottom: 0px !important;padding-left: 0px !important;}\u00bb color=\u00bb#c9a542&#8243;][vc_empty_space height=\u00bb120px\u00bb][\/vc_column][\/vc_row][vc_row padding_size=\u00bbxl-padding\u00bb background_color=\u00bb#000000&#8243; bg_image_url=\u00bbhttp:\/\/yogoland.eu\/wp-content\/uploads\/2019\/02\/co-po-jogurtach-150&#215;150.jpg\u00bb parallax=\u00bbparallax\u00bb background_overlay=\u00bbcolor\u00bb overlay_color=\u00bb#000000&#8243; overlay_opacity=\u00bb0.4&#8243; background_image=\u00bb2377&#8243;][vc_column text_align=\u00bbcenter\u00bb][vc_custom_heading text=\u00bbCo po jogurtach?\u00bb font_container=\u00bbtag:h2|font_size:50px|text_align:center|color:%23c9a542|line_height:70px\u00bb google_fonts=\u00bbfont_family:Quicksand%3A300%2Cregular%2C700|font_style:400%20regular%3A400%3Anormal\u00bb css=\u00bb.vc_custom_1551095540821{margin-top: -10px !important;}\u00bb][vc_empty_space][wyde_link_button title=\u00bbZOBACZ MENU\u00bb color=\u00bb#c9a542&#8243; hover_color=\u00bb#000000&#8243; link=\u00bburl:https%3A%2F%2Fyogoland.eu%2Fmenu%2F|||\u00bb][\/vc_column][\/vc_row][vc_row row_style=\u00bbfull-width\u00bb vertical_align=\u00bbmiddle\u00bb padding_size=\u00bbno-padding\u00bb background_color=\u00bb#212121&#8243; css=\u00bb.vc_custom_1569871184562{margin-bottom: -5px !important;padding-bottom: -5px !important;}\u00bb][vc_column text_align=\u00bbright\u00bb background_color=\u00bb#191919&#8243; width=\u00bb1\/4&#8243; el_class=\u00bboverlap\u00bb][vc_empty_space height=\u00bb120px\u00bb][vc_custom_heading text=\u00bbYogoland\u00bb font_container=\u00bbtag:h2|font_size:50px|text_align:right|color:%23ffffff|line_height:1.1&#8243; google_fonts=\u00bbfont_family:Quicksand%3A300%2Cregular%2C700|font_style:700%20bold%20regular%3A700%3Anormal\u00bb text_transform=\u00bbnone\u00bb animation_delay=\u00bb0.5&#8243; el_class=\u00bboverlap-right\u00bb animation=\u00bbfadeInLeft\u00bb][vc_custom_heading text=\u00bbto nie tylko mro\u017cone jogurty\u00bb font_container=\u00bbtag:h2|font_size:50px|text_align:right|color:%23ffffff|line_height:1.1&#8243; google_fonts=\u00bbfont_family:Quicksand%3A300%2Cregular%2C700|font_style:700%20bold%20regular%3A700%3Anormal\u00bb text_transform=\u00bbnone\u00bb animation_delay=\u00bb0.5&#8243; css=\u00bb.vc_custom_1551117677412{margin-top: -15px !important;}\u00bb el_class=\u00bboverlap-right\u00bb animation=\u00bbfadeInRight\u00bb][vc_empty_space height=\u00bb20px\u00bb][vc_column_text css=\u00bb.vc_custom_1551117882286{margin-top: -10px !important;padding-left: 10% !important;}\u00bb]<span style=\"color: white;\">Posiadamy w swojej ofercie r\u00f3wnie\u017c pyszne kawy, koktajle owocowe, \u015bwie\u017ce soki wyciskane owocowe i warzywne.<\/span>[\/vc_column_text][vc_empty_space][wyde_link_button title=\u00bbSPRAWD\u0179 MENU\u00bb icon_set=\u00bbtypicons\u00bb icon_typicons=\u00bbtypcn typcn-arrow-right\u00bb style=\u00bbnone\u00bb css=\u00bb.vc_custom_1551703286236{padding-top: 0px !important;padding-right: 0px !important;padding-bottom: 0px !important;padding-left: 0px !important;}\u00bb color=\u00bb#c9a542&#8243; link=\u00bburl:http%3A%2F%2Fyogoland.eu%2Fmenu%2F|title:menu||\u00bb][vc_empty_space height=\u00bb120px\u00bb][\/vc_column][vc_column padding_size=\u00bbno-padding\u00bb width=\u00bb1\/4&#8243;][vc_single_image image=\u00bb2665&#8243; alignment=\u00bbcenter\u00bb responsive=\u00bbtrue\u00bb][\/vc_column][vc_column bg_image_url=\u00bbhttp:\/\/yogoland.eu\/wp-content\/uploads\/2019\/03\/shake-truskawka-150&#215;150.jpg\u00bb width=\u00bb1\/4&#8243; background_image=\u00bb2671&#8243;][vc_empty_space height=\u00bb320px\u00bb][\/vc_column][vc_column bg_image_url=\u00bbhttp:\/\/yogoland.eu\/wp-content\/uploads\/2019\/03\/wyciskane-soki-150&#215;150.jpg\u00bb width=\u00bb1\/4&#8243; background_image=\u00bb2675&#8243;][vc_empty_space height=\u00bb320px\u00bb][\/vc_column][\/vc_row]<\/p>\n","protected":false},"excerpt":{"rendered":"<p>[vc_row row_style=\u00bbfull-width\u00bb padding_size=\u00bbno-padding\u00bb][vc_column][rev_slider_vc alias=\u00bbslider-es\u00bb button_style=\u00bb2&#8243; color=\u00bb#c9a74d\u00bb][\/vc_column][\/vc_row][vc_row background_color=\u00bb#262626&#8243;][vc_column][vc_column_text] Wybierz smak jogurtu i dobierz ulubione dodatki! [\/vc_column_text][wyde_separator el_width=\u00bb50%\u00bb color=\u00bb#c9a74d\u00bb][wyde_clients_carousel images=\u00bb3204,3195,3181,3175,2959,2957,2956,2954,2952,2950,2947,2945,2943,2940,2936,2933,2929,2926,2924,2922,2918,2914,2910&#8243; image_size=\u00bbfull\u00bb visible_items=\u00bb6&#8243; show_navigation=\u00bbtrue\u00bb auto_play=\u00bb3&#8243; slide_loop=\u00bbtrue\u00bb][\/vc_column][vc_column][\/vc_column][\/vc_row][vc_row row_style=\u00bbfull-width\u00bb vertical_align=\u00bbmiddle\u00bb padding_size=\u00bbno-padding\u00bb background_color=\u00bb#f5f5f5&#8243; bg_image_url=\u00bbhttp:\/\/yogoland.eu\/wp-content\/uploads\/2019\/02\/dodatki-150&#215;150.jpg\u00bb parallax=\u00bbparallax\u00bb background_overlay=\u00bbcolor\u00bb overlay_color=\u00bb#020202&#8243; overlay_opacity=\u00bb0.1&#8243; background_image=\u00bb2360&#8243;][vc_column text_align=\u00bbright\u00bb width=\u00bb1\/4&#8243; css=\u00bb.vc_custom_1437131786305{padding-right: 2% !important;padding-left: 2% !important;}\u00bb][\/vc_column][vc_column background_color=\u00bb#191919&#8243; width=\u00bb1\/4&#8243;][vc_custom_heading text=\u00bbBogactwo dodatk\u00f3w\u00bb font_container=\u00bbtag:h2|font_size:50px|text_align:right|color:%23c9a542|line_height:1.1&#8243; google_fonts=\u00bbfont_family:Quicksand%3A300%2Cregular%2C700|font_style:400%20regular%3A400%3Anormal\u00bb text_transform=\u00bbnone\u00bb el_class=\u00bboverlap-left\u00bb animation=\u00bbfadeInLeft\u00bb][vc_column_text css=\u00bb.vc_custom_1571382621604{margin-left: 0px !important;}\u00bb] Skomponuj sw\u00f3j ulubione [&hellip;]<\/p>\n","protected":false},"author":1,"featured_media":0,"parent":0,"menu_order":0,"comment_status":"open","ping_status":"open","template":"","meta":{"footnotes":""},"class_list":["post-4230","page","type-page","status-publish","hentry"],"_links":{"self":[{"href":"https:\/\/yogoland.eu\/es\/wp-json\/wp\/v2\/pages\/4230","targetHints":{"allow":["GET"]}}],"collection":[{"href":"https:\/\/yogoland.eu\/es\/wp-json\/wp\/v2\/pages"}],"about":[{"href":"https:\/\/yogoland.eu\/es\/wp-json\/wp\/v2\/types\/page"}],"author":[{"embeddable":true,"href":"https:\/\/yogoland.eu\/es\/wp-json\/wp\/v2\/users\/1"}],"replies":[{"embeddable":true,"href":"https:\/\/yogoland.eu\/es\/wp-json\/wp\/v2\/comments?post=4230"}],"version-history":[{"count":3,"href":"https:\/\/yogoland.eu\/es\/wp-json\/wp\/v2\/pages\/4230\/revisions"}],"predecessor-version":[{"id":4276,"href":"https:\/\/yogoland.eu\/es\/wp-json\/wp\/v2\/pages\/4230\/revisions\/4276"}],"wp:attachment":[{"href":"https:\/\/yogoland.eu\/es\/wp-json\/wp\/v2\/media?parent=4230"}],"curies":[{"name":"wp","href":"https:\/\/api.w.org\/{rel}","templated":true}]}}