{"id":4242,"date":"2016-04-27T09:08:53","date_gmt":"2016-04-27T07:08:53","guid":{"rendered":"https:\/\/yogoland.eu\/eventy\/"},"modified":"2025-07-14T21:28:49","modified_gmt":"2025-07-14T19:28:49","slug":"eventos","status":"publish","type":"page","link":"https:\/\/yogoland.eu\/es\/eventos\/","title":{"rendered":"eventos"},"content":{"rendered":"<p>[vc_row row_style=\u00bbfull-width\u00bb vertical_align=\u00bbmiddle\u00bb padding_size=\u00bbno-padding\u00bb background_color=\u00bb#ffffff\u00bb][vc_column padding_size=\u00bbl-padding\u00bb width=\u00bb1\/2&#8243;][vc_empty_space height=\u00bb40px\u00bb][vc_custom_heading text=\u00bbOrganizacja event\u00f3w\u00bb font_container=\u00bbtag:h1|font_size:50px|text_align:left|color:%23c9a542|line_height:1.1&#8243; google_fonts=\u00bbfont_family:Quicksand%3A300%2Cregular%2C700|font_style:700%20bold%20regular%3A700%3Anormal\u00bb text_transform=\u00bbnone\u00bb animation=\u00bbfadeInLeft\u00bb][vc_custom_heading text=\u00bbtylko z Yogoland!\u00bb font_container=\u00bbtag:h1|font_size:50px|text_align:left|color:%23c9a542|line_height:1.1&#8243; google_fonts=\u00bbfont_family:Quicksand%3A300%2Cregular%2C700|font_style:700%20bold%20regular%3A700%3Anormal\u00bb text_transform=\u00bbnone\u00bb animation=\u00bbfadeInLeft\u00bb][vc_empty_space height=\u00bb20px\u00bb][vc_column_text]<\/p>\n<p class=\"p1\">Dzi\u0119ki wspania\u0142emu i niepowtarzalnemu jogurtowi mro\u017conemu mo\u017cemy uatrakcyjni\u0107 ka\u017cd\u0105 imprez\u0119 bez wzgl\u0119du na wiek uczestnik\u00f3w.<\/p>\n<p class=\"p1\">Zapraszamy do wsp\u00f3\u0142pracy firmy organizuj\u0105ce eventy, instytucje, szko\u0142y, samorz\u0105dy lokalne. Nasze zdrowe jogurty mro\u017cone zapewni\u0105 ciekaw\u0105 alternatyw\u0119 dla tradycyjnego menu na tego typu spotkaniach.<br \/>\nSerwowali\u015bmy nasze produkty na wielu imprezach jak targi, wystawy, festiwale, imprezy miko\u0142ajkowe, dni dziecka, spotkania integracyjne, szkolenia. <\/p>\n<p>[\/vc_column_text][vc_empty_space height=\u00bb20px\u00bb][vc_custom_heading text=\u00bbOsoby do kontaktu:\u00bb font_container=\u00bbtag:h2|font_size:20|text_align:left\u00bb google_fonts=\u00bbfont_family:Quicksand%3A300%2Cregular%2C700|font_style:700%20bold%20regular%3A700%3Anormal\u00bb][vc_column_text]<span style=\"font-size: larger; color: #424242;\"><strong>Pawe\u0142 Zielezi\u0144ski<\/strong><\/span><br \/>\n<span style=\"color: #424242;\"><strong>manager<\/strong><\/span><br \/>\n<span style=\"font-size: larger; color: #424242;\"><strong>+48 512 733 688<\/strong><\/span><\/p>\n<p><span style=\"font-size: larger; color: #424242;\"><strong>Mi\u0142osz Mi\u0142kowski<\/strong><\/span><br \/>\n<span style=\"font-size: larger; color: #424242;\"><strong>+48 505 479 654<\/strong><\/span><br \/>\n<strong>(woj. warmi\u0144sko-mazurskie, podlaskie, lubelskie, podkarpackie)<\/strong><br \/>\n<strong><br \/>\n<\/strong>[\/vc_column_text][\/vc_column][vc_column padding_size=\u00bbno-padding\u00bb background_color=\u00bbrgba(255,255,255,0.7)\u00bb width=\u00bb1\/2&#8243;][vc_single_image image=\u00bb3151&#8243; alignment=\u00bbcenter\u00bb responsive=\u00bbtrue\u00bb][\/vc_column][\/vc_row]<\/p>\n","protected":false},"excerpt":{"rendered":"<p>[vc_row row_style=\u00bbfull-width\u00bb vertical_align=\u00bbmiddle\u00bb padding_size=\u00bbno-padding\u00bb background_color=\u00bb#ffffff\u00bb][vc_column padding_size=\u00bbl-padding\u00bb width=\u00bb1\/2&#8243;][vc_empty_space height=\u00bb40px\u00bb][vc_custom_heading text=\u00bbOrganizacja event\u00f3w\u00bb font_container=\u00bbtag:h1|font_size:50px|text_align:left|color:%23c9a542|line_height:1.1&#8243; google_fonts=\u00bbfont_family:Quicksand%3A300%2Cregular%2C700|font_style:700%20bold%20regular%3A700%3Anormal\u00bb text_transform=\u00bbnone\u00bb animation=\u00bbfadeInLeft\u00bb][vc_custom_heading text=\u00bbtylko z Yogoland!\u00bb font_container=\u00bbtag:h1|font_size:50px|text_align:left|color:%23c9a542|line_height:1.1&#8243; google_fonts=\u00bbfont_family:Quicksand%3A300%2Cregular%2C700|font_style:700%20bold%20regular%3A700%3Anormal\u00bb text_transform=\u00bbnone\u00bb animation=\u00bbfadeInLeft\u00bb][vc_empty_space height=\u00bb20px\u00bb][vc_column_text] Dzi\u0119ki wspania\u0142emu i niepowtarzalnemu jogurtowi mro\u017conemu mo\u017cemy uatrakcyjni\u0107 ka\u017cd\u0105 imprez\u0119 bez wzgl\u0119du na wiek uczestnik\u00f3w. Zapraszamy do wsp\u00f3\u0142pracy firmy organizuj\u0105ce eventy, instytucje, szko\u0142y, samorz\u0105dy lokalne. Nasze zdrowe jogurty mro\u017cone zapewni\u0105 ciekaw\u0105 alternatyw\u0119 dla [&hellip;]<\/p>\n","protected":false},"author":1,"featured_media":0,"parent":0,"menu_order":0,"comment_status":"closed","ping_status":"closed","template":"","meta":{"footnotes":""},"class_list":["post-4242","page","type-page","status-publish","hentry"],"_links":{"self":[{"href":"https:\/\/yogoland.eu\/es\/wp-json\/wp\/v2\/pages\/4242","targetHints":{"allow":["GET"]}}],"collection":[{"href":"https:\/\/yogoland.eu\/es\/wp-json\/wp\/v2\/pages"}],"about":[{"href":"https:\/\/yogoland.eu\/es\/wp-json\/wp\/v2\/types\/page"}],"author":[{"embeddable":true,"href":"https:\/\/yogoland.eu\/es\/wp-json\/wp\/v2\/users\/1"}],"replies":[{"embeddable":true,"href":"https:\/\/yogoland.eu\/es\/wp-json\/wp\/v2\/comments?post=4242"}],"version-history":[{"count":2,"href":"https:\/\/yogoland.eu\/es\/wp-json\/wp\/v2\/pages\/4242\/revisions"}],"predecessor-version":[{"id":4246,"href":"https:\/\/yogoland.eu\/es\/wp-json\/wp\/v2\/pages\/4242\/revisions\/4246"}],"wp:attachment":[{"href":"https:\/\/yogoland.eu\/es\/wp-json\/wp\/v2\/media?parent=4242"}],"curies":[{"name":"wp","href":"https:\/\/api.w.org\/{rel}","templated":true}]}}