{"id":4251,"date":"2015-06-13T02:46:33","date_gmt":"2015-06-13T00:46:33","guid":{"rendered":"https:\/\/yogoland.eu\/franczyza\/"},"modified":"2025-08-21T13:00:13","modified_gmt":"2025-08-21T11:00:13","slug":"franquicia","status":"publish","type":"page","link":"https:\/\/yogoland.eu\/es\/franquicia\/","title":{"rendered":"Franquicia"},"content":{"rendered":"<p>[vc_row row_style=\u00bbfull-width\u00bb vertical_align=\u00bbmiddle\u00bb padding_size=\u00bbno-padding\u00bb background_color=\u00bb#191919&#8243;][vc_column padding_size=\u00bbl-padding\u00bb width=\u00bb1\/2&#8243;][vc_empty_space height=\u00bb40px\u00bb][vc_custom_heading text=\u00bbFranquicias: \u00a1Una idea de negocio probada!\u00bb font_container=\u00bbtag:h2|font_size:50px|text_align:left|color:%23c9a542|line_height:1.1&#8243; google_fonts=\u00bbfont_family:Quicksand%3A300%2Cregular%2C700|font_style:700%20bold%20regular%3A700%3Anormal\u00bb text_transform=\u00bbnone\u00bb animation=\u00bbfadeInLeft\u00bb][vc_empty_space height=\u00bb20px\u00bb][vc_column_text]<\/p>\n<p style=\"text-align: justify; color: white;\">El yogur helado se invent\u00f3 y se lanz\u00f3 por primera vez en Corea del Sur, donde existen m\u00e1s de 1000 puntos de venta. Su valor nutricional lo populariz\u00f3 enormemente y las ventas se expandieron r\u00e1pidamente en Estados Unidos, donde ahora hay m\u00e1s de 500 tiendas de yogur.<\/p>\n<p style=\"text-align: justify; color: white;\">Cuando se fund\u00f3 YOGOLAND, contaba con una licencia de venta en Estados Unidos y distribu\u00eda yogur helado en polvo\/base en Europa. Desde 2017, hemos desarrollado nuestra propia receta, lo que nos permiti\u00f3 iniciar la producci\u00f3n en Polonia. Esto redujo significativamente el precio del producto.<\/p>\n<p style=\"text-align: justify; color: white;\">Los yogures son desnatados, bajos en calor\u00edas y contienen probi\u00f3ticos y bacterias beneficiosas. El sistema de venta y la amplia selecci\u00f3n de sabores y aditivos los convierten en los favoritos tanto de ni\u00f1os como de adultos.<\/p>\n<p>[\/vc_column_text][vc_empty_space height=\u00bb40px\u00bb][\/vc_column][vc_column padding_size=\u00bbno-padding\u00bb background_color=\u00bbrgba(255,255,255,0.7)\u00bb width=\u00bb1\/2&#8243;][vc_single_image image=\u00bb2592&#8243; alignment=\u00bbcenter\u00bb responsive=\u00bbtrue\u00bb][\/vc_column][\/vc_row][vc_row row_style=\u00bbfull-width\u00bb vertical_align=\u00bbmiddle\u00bb padding_size=\u00bbno-padding\u00bb background_color=\u00bb#191919&#8243;][vc_column padding_size=\u00bbno-padding\u00bb background_color=\u00bbrgba(255,255,255,0.7)\u00bb width=\u00bb1\/2&#8243;][vc_single_image image=\u00bb3267&#8243; alignment=\u00bbcenter\u00bb responsive=\u00bbtrue\u00bb][\/vc_column][vc_column padding_size=\u00bbl-padding\u00bb width=\u00bb1\/2&#8243;][vc_empty_space height=\u00bb40px\u00bb][vc_custom_heading text=\u00bbConf\u00eda en nosotros\u00bb font_container=\u00bbtag:h2|font_size:50px|text_align:left|color:%23c9a542|line_height:1.1&#8243; google_fonts=\u00bbfont_family:Quicksand%3A300%2Cregular%2C700|font_style:700%20bold%20regular%3A700%3Anormal\u00bb text_transform=\u00bbnone\u00bb animation=\u00bbfadeInLeft\u00bb][vc_empty_space height=\u00bb20px\u00bb][vc_column_text]<\/p>\n<p style=\"text-align: justify; color: white;\">Nos entusiasma el r\u00e1pido crecimiento del mercado del yogur helado en Polonia. Nuestro sistema de franquicias combina a la perfecci\u00f3n la independencia del propietario con un atractivo paquete de negocios. YOGOLAND es el lugar ideal para comenzar su b\u00fasqueda de una nueva forma de vida. <a href=\"https:\/\/yogoland.eu\/es\/faq\/\">A continuaci\u00f3n, encontrar\u00e1<\/a> respuestas a las preguntas frecuentes e inquietudes planteadas por nuestros candidatos a franquiciado. Despu\u00e9s de leer las <a href=\"https:\/\/yogoland.eu\/es\/faq\/\">preguntas frecuentes<\/a>, complete la solicitud de franquicia en l\u00ednea que se encuentra al final de la p\u00e1gina. Su solicitud, directamente desde nuestro sitio web, ser\u00e1 revisada exhaustivamente por nuestro departamento de Desarrollo de Franquicias.<\/p>\n<p style=\"text-align: justify; color: white;\">Un representante de YOGOLAND se pondr\u00e1 en contacto con usted para hablar sobre los pr\u00f3ximos pasos de nuestro proceso de solicitud. Por supuesto, puede contactarnos en cualquier momento; estaremos encantados de responder cualquier pregunta que pueda tener. La solicitud le brinda la oportunidad ideal para conocer en persona todos los detalles sobre la franquicia YOGOLAND.<\/p>\n<p style=\"text-align: justify; color: white;\">\u00a1Cont\u00e1ctenos! \u00a1Hable con el departamento de Desarrollo hoy mismo!<\/p>\n<p>[\/vc_column_text][vc_empty_space height=\u00bb40px\u00bb][\/vc_column][\/vc_row][vc_row row_style=\u00bbfull-width\u00bb vertical_align=\u00bbmiddle\u00bb padding_size=\u00bbno-padding\u00bb][vc_column padding_size=\u00bbl-padding\u00bb width=\u00bb1\/2&#8243;][vc_custom_heading text=\u00bbFormulario de solicitud\u00bb font_container=\u00bbtag:h1|font_size:50px|text_align:left|color:%23c9a542|line_height:1.1&#8243; google_fonts=\u00bbfont_family:Quicksand%3A300%2Cregular%2C700|font_style:700%20bold%20regular%3A700%3Anormal\u00bb text_transform=\u00bbnone\u00bb animation=\u00bbfadeInLeft\u00bb][vc_empty_space height=\u00bb20px\u00bb]\n<div class=\"wpcf7 no-js\" id=\"wpcf7-f4329-o1\" lang=\"pl-PL\" dir=\"ltr\" data-wpcf7-id=\"4329\">\n<div class=\"screen-reader-response\"><p role=\"status\" aria-live=\"polite\" aria-atomic=\"true\"><\/p> <ul><\/ul><\/div>\n<form action=\"\/es\/wp-json\/wp\/v2\/pages\/4251#wpcf7-f4329-o1\" method=\"post\" class=\"wpcf7-form init\" aria-label=\"Formularz kontaktowy\" novalidate=\"novalidate\" data-status=\"init\">\n<fieldset class=\"hidden-fields-container\"><input type=\"hidden\" name=\"_wpcf7\" value=\"4329\" \/><input type=\"hidden\" name=\"_wpcf7_version\" value=\"6.1.1\" \/><input type=\"hidden\" name=\"_wpcf7_locale\" value=\"pl_PL\" \/><input type=\"hidden\" name=\"_wpcf7_unit_tag\" value=\"wpcf7-f4329-o1\" \/><input type=\"hidden\" name=\"_wpcf7_container_post\" value=\"0\" \/><input type=\"hidden\" name=\"_wpcf7_posted_data_hash\" value=\"\" \/><input type=\"hidden\" name=\"_wpcf7_recaptcha_response\" value=\"\" \/>\n<\/fieldset>\n<p><label> Nombre y apellido *<br \/>\n<span class=\"wpcf7-form-control-wrap\" data-name=\"your-name\"><input size=\"40\" maxlength=\"400\" class=\"wpcf7-form-control wpcf7-text wpcf7-validates-as-required\" aria-required=\"true\" aria-invalid=\"false\" value=\"\" type=\"text\" name=\"your-name\" \/><\/span> <\/label>\n<\/p>\n<p><label> E-Mail *<br \/>\n<span class=\"wpcf7-form-control-wrap\" data-name=\"your-email\"><input size=\"40\" maxlength=\"400\" class=\"wpcf7-form-control wpcf7-email wpcf7-validates-as-required wpcf7-text wpcf7-validates-as-email\" aria-required=\"true\" aria-invalid=\"false\" value=\"\" type=\"email\" name=\"your-email\" \/><\/span> <\/label>\n<\/p>\n<p><label> Tel\u00e9fono *<br \/>\n<span class=\"wpcf7-form-control-wrap\" data-name=\"tel-965\"><input size=\"40\" maxlength=\"400\" class=\"wpcf7-form-control wpcf7-tel wpcf7-validates-as-required wpcf7-text wpcf7-validates-as-tel\" aria-required=\"true\" aria-invalid=\"false\" value=\"\" type=\"tel\" name=\"tel-965\" \/><\/span> <\/label>\n<\/p>\n<p><label> Describa la ubicaci\u00f3n de la inversi\u00f3n planificada *<br \/>\n<span class=\"wpcf7-form-control-wrap\" data-name=\"text-326\"><input size=\"40\" maxlength=\"400\" class=\"wpcf7-form-control wpcf7-text wpcf7-validates-as-required\" aria-required=\"true\" aria-invalid=\"false\" value=\"\" type=\"text\" name=\"text-326\" \/><\/span> <\/label>\n<\/p>\n<p><label> Describa su ocupaci\u00f3n actual y pasada *<br \/>\n<span class=\"wpcf7-form-control-wrap\" data-name=\"text-327\"><input size=\"40\" maxlength=\"400\" class=\"wpcf7-form-control wpcf7-text wpcf7-validates-as-required\" aria-required=\"true\" aria-invalid=\"false\" value=\"\" type=\"text\" name=\"text-327\" \/><\/span> <\/label>\n<\/p>\n<p>Cantidad de fondos que desea asignar *<br \/>\n<br \/>\n<span class=\"wpcf7-form-control-wrap\" data-name=\"checkbox-467\"><span class=\"wpcf7-form-control wpcf7-checkbox\"><span class=\"wpcf7-list-item first last\"><label><input type=\"checkbox\" name=\"checkbox-467[]\" value=\"60.000 \u20ac\" checked=\"checked\" \/><span class=\"wpcf7-list-item-label\">60.000 \u20ac<\/span><\/label><\/span><\/span><\/span>\n<\/p>\n<p>Tiene intenci\u00f3n de emprender un negocio *<br \/>\n<br \/>\n<span class=\"wpcf7-form-control-wrap\" data-name=\"checkbox-417\"><span class=\"wpcf7-form-control wpcf7-checkbox\"><span class=\"wpcf7-list-item first\"><label><input type=\"checkbox\" name=\"checkbox-417[]\" value=\"alone\" \/><span class=\"wpcf7-list-item-label\">alone<\/span><\/label><\/span><span class=\"wpcf7-list-item\"><label><input type=\"checkbox\" name=\"checkbox-417[]\" value=\"in the form of a company\" \/><span class=\"wpcf7-list-item-label\">in the form of a company<\/span><\/label><\/span><span class=\"wpcf7-list-item last\"><label><input type=\"checkbox\" name=\"checkbox-417[]\" value=\"family business\" \/><span class=\"wpcf7-list-item-label\">family business<\/span><\/label><\/span><\/span><\/span>\n<\/p>\n<p>\u00bfTe gustar\u00eda arrendar maquinaria? *<br \/>\n<br \/>\n<span class=\"wpcf7-form-control-wrap\" data-name=\"checkbox-336\"><span class=\"wpcf7-form-control wpcf7-checkbox\"><span class=\"wpcf7-list-item first\"><label><input type=\"checkbox\" name=\"checkbox-336[]\" value=\"yes\" \/><span class=\"wpcf7-list-item-label\">yes<\/span><\/label><\/span><span class=\"wpcf7-list-item last\"><label><input type=\"checkbox\" name=\"checkbox-336[]\" value=\"no\" \/><span class=\"wpcf7-list-item-label\">no<\/span><\/label><\/span><\/span><\/span>\n<\/p>\n<p>* Required fields\n<\/p>\n<p><input class=\"wpcf7-form-control wpcf7-submit has-spinner\" type=\"submit\" value=\"Send\" \/>\n<\/p><div class=\"wpcf7-response-output\" aria-hidden=\"true\"><\/div>\n<\/form>\n<\/div>\n[\/vc_column][vc_column padding_size=\u00bbno-padding\u00bb background_color=\u00bbrgba(255,255,255,0.7)\u00bb width=\u00bb1\/2&#8243;][vc_single_image image=\u00bb3102&#8243; alignment=\u00bbcenter\u00bb responsive=\u00bbtrue\u00bb][\/vc_column][\/vc_row]<\/p>\n","protected":false},"excerpt":{"rendered":"<p>[vc_row row_style=\u00bbfull-width\u00bb vertical_align=\u00bbmiddle\u00bb padding_size=\u00bbno-padding\u00bb background_color=\u00bb#191919&#8243;][vc_column padding_size=\u00bbl-padding\u00bb width=\u00bb1\/2&#8243;][vc_empty_space height=\u00bb40px\u00bb][vc_custom_heading text=\u00bbFranquicias: \u00a1Una idea de negocio probada!\u00bb font_container=\u00bbtag:h2|font_size:50px|text_align:left|color:%23c9a542|line_height:1.1&#8243; google_fonts=\u00bbfont_family:Quicksand%3A300%2Cregular%2C700|font_style:700%20bold%20regular%3A700%3Anormal\u00bb text_transform=\u00bbnone\u00bb animation=\u00bbfadeInLeft\u00bb][vc_empty_space height=\u00bb20px\u00bb][vc_column_text] El yogur helado se invent\u00f3 y se lanz\u00f3 por primera vez en Corea del Sur, donde existen m\u00e1s de 1000 puntos de venta. Su valor nutricional lo populariz\u00f3 enormemente y las ventas se expandieron r\u00e1pidamente en [&hellip;]<\/p>\n","protected":false},"author":1,"featured_media":0,"parent":0,"menu_order":0,"comment_status":"open","ping_status":"open","template":"","meta":{"footnotes":""},"class_list":["post-4251","page","type-page","status-publish","hentry"],"_links":{"self":[{"href":"https:\/\/yogoland.eu\/es\/wp-json\/wp\/v2\/pages\/4251","targetHints":{"allow":["GET"]}}],"collection":[{"href":"https:\/\/yogoland.eu\/es\/wp-json\/wp\/v2\/pages"}],"about":[{"href":"https:\/\/yogoland.eu\/es\/wp-json\/wp\/v2\/types\/page"}],"author":[{"embeddable":true,"href":"https:\/\/yogoland.eu\/es\/wp-json\/wp\/v2\/users\/1"}],"replies":[{"embeddable":true,"href":"https:\/\/yogoland.eu\/es\/wp-json\/wp\/v2\/comments?post=4251"}],"version-history":[{"count":3,"href":"https:\/\/yogoland.eu\/es\/wp-json\/wp\/v2\/pages\/4251\/revisions"}],"predecessor-version":[{"id":4331,"href":"https:\/\/yogoland.eu\/es\/wp-json\/wp\/v2\/pages\/4251\/revisions\/4331"}],"wp:attachment":[{"href":"https:\/\/yogoland.eu\/es\/wp-json\/wp\/v2\/media?parent=4251"}],"curies":[{"name":"wp","href":"https:\/\/api.w.org\/{rel}","templated":true}]}}