{"id":4261,"date":"2015-06-10T08:15:48","date_gmt":"2015-06-10T06:15:48","guid":{"rendered":"https:\/\/yogoland.eu\/kontakt\/"},"modified":"2025-08-21T12:51:41","modified_gmt":"2025-08-21T10:51:41","slug":"contacto","status":"publish","type":"page","link":"https:\/\/yogoland.eu\/es\/contacto\/","title":{"rendered":"contacto"},"content":{"rendered":"<p>[vc_row padding_size=\u00bbs-padding\u00bb][vc_column width=\u00bb1\/3&#8243;][vc_empty_space height=\u00bb20px\u00bb][wyde_info_box title=\u00bbDIRECCI\u00d3N\u00bb icon_set=\u00bbtypicons\u00bb icon_typicons=\u00bbtypcn typcn-location-outline\u00bb icon_size=\u00bbmedium\u00bb color=\u00bb#c9a74d\u00bb]<\/p>\n<p class=\"v1MsoNormal\">Rbla Juna Mateo Garcia 23\/2D<br \/>\n03181 Torrevieja, Alicante<\/p>\n<p>[\/wyde_info_box][\/vc_column][vc_column width=\u00bb1\/3&#8243;][vc_empty_space height=\u00bb20px\u00bb][wyde_info_box title=\u00bbTel\u00e9fono\u00bb icon_set=\u00bbtypicons\u00bb icon_typicons=\u00bbtypcn typcn-phone-outline\u00bb icon_size=\u00bbmedium\u00bb color=\u00bb#c9a74d\u00bb]Tel: +48505170000[\/wyde_info_box][\/vc_column][vc_column width=\u00bb1\/3&#8243;][vc_empty_space height=\u00bb20px\u00bb][wyde_info_box title=\u00bbE-mail\u00bb icon_set=\u00bbtypicons\u00bb icon_typicons=\u00bbtypcn typcn-mail\u00bb icon_size=\u00bbmedium\u00bb color=\u00bb#c9a74d\u00bb]<a href=\"mailto:oficina@yogoland.eu\" rel=\"noreferrer\">oficina@yogoland.eu<\/a>[\/wyde_info_box][\/vc_column][\/vc_row][vc_row row_style=\u00bbfull-width\u00bb vertical_align=\u00bbmiddle\u00bb padding_size=\u00bbno-padding\u00bb background_color=\u00bb#f5f5f5&#8243;][vc_column width=\u00bb1\/2&#8243; css=\u00bb.vc_custom_1550143653660{padding-right: 2% !important;padding-left: 2% !important;}\u00bb][vc_empty_space height=\u00bb80px\u00bb]\n<div class=\"wpcf7 no-js\" id=\"wpcf7-f4326-o1\" lang=\"pl-PL\" dir=\"ltr\" data-wpcf7-id=\"4326\">\n<div class=\"screen-reader-response\"><p role=\"status\" aria-live=\"polite\" aria-atomic=\"true\"><\/p> <ul><\/ul><\/div>\n<form action=\"\/es\/wp-json\/wp\/v2\/pages\/4261#wpcf7-f4326-o1\" method=\"post\" class=\"wpcf7-form init\" aria-label=\"Formularz kontaktowy\" novalidate=\"novalidate\" data-status=\"init\">\n<fieldset class=\"hidden-fields-container\"><input type=\"hidden\" name=\"_wpcf7\" value=\"4326\" \/><input type=\"hidden\" name=\"_wpcf7_version\" value=\"6.1.1\" \/><input type=\"hidden\" name=\"_wpcf7_locale\" value=\"pl_PL\" \/><input type=\"hidden\" name=\"_wpcf7_unit_tag\" value=\"wpcf7-f4326-o1\" \/><input type=\"hidden\" name=\"_wpcf7_container_post\" value=\"0\" \/><input type=\"hidden\" name=\"_wpcf7_posted_data_hash\" value=\"\" \/><input type=\"hidden\" name=\"_wpcf7_recaptcha_response\" value=\"\" \/>\n<\/fieldset>\n<p><label> Nombre y apellidos (obligatorio)<br \/>\n<span class=\"wpcf7-form-control-wrap\" data-name=\"your-name\"><input size=\"40\" maxlength=\"400\" class=\"wpcf7-form-control wpcf7-text wpcf7-validates-as-required\" aria-required=\"true\" aria-invalid=\"false\" value=\"\" type=\"text\" name=\"your-name\" \/><\/span> <\/label>\n<\/p>\n<p><label> Direcci\u00f3n de correo electr\u00f3nico (obligatoria)<br \/>\n<span class=\"wpcf7-form-control-wrap\" data-name=\"your-email\"><input size=\"40\" maxlength=\"400\" class=\"wpcf7-form-control wpcf7-email wpcf7-validates-as-required wpcf7-text wpcf7-validates-as-email\" aria-required=\"true\" aria-invalid=\"false\" value=\"\" type=\"email\" name=\"your-email\" \/><\/span> <\/label>\n<\/p>\n<p><label> T\u00edtulo<br \/>\n<span class=\"wpcf7-form-control-wrap\" data-name=\"your-subject\"><input size=\"40\" maxlength=\"400\" class=\"wpcf7-form-control wpcf7-text\" aria-invalid=\"false\" value=\"\" type=\"text\" name=\"your-subject\" \/><\/span> <\/label>\n<\/p>\n<p><label> contenido del mensaje<br \/>\n<span class=\"wpcf7-form-control-wrap\" data-name=\"your-message\"><textarea cols=\"40\" rows=\"10\" maxlength=\"2000\" class=\"wpcf7-form-control wpcf7-textarea\" aria-invalid=\"false\" name=\"your-message\"><\/textarea><\/span> <\/label>\n<\/p>\n<p><input class=\"wpcf7-form-control wpcf7-submit has-spinner\" type=\"submit\" value=\"Enviar\" \/>\n<\/p><div class=\"wpcf7-response-output\" aria-hidden=\"true\"><\/div>\n<\/form>\n<\/div>\n[vc_empty_space height=\u00bb80px\u00bb][\/vc_column][vc_column padding_size=\u00bbno-padding\u00bb width=\u00bb1\/4&#8243;][vc_single_image image=\u00bb2180&#8243; responsive=\u00bbtrue\u00bb][\/vc_column][vc_column background_color=\u00bb#c9a74d\u00bb width=\u00bb1\/4&#8243;][vc_empty_space height=\u00bb120px\u00bb][vc_custom_heading text=\u00bbPonte en contacto\u00bb font_container=\u00bbtag:p|font_size:20px|text_align:left|color:%23ffffff|line_height:20px\u00bb google_fonts=\u00bbfont_family:Quicksand%3A300%2Cregular%2C700|font_style:400%20regular%3A400%3Anormal\u00bb text_transform=\u00bbuppercase\u00bb letter_spacing=\u00bb3.5px\u00bb][vc_column_text css=\u00bb.vc_custom_1755773498663{margin-top: -10px !important;}\u00bb]Si tiene alguna pregunta o inquietud sobre el funcionamiento de YOGOLAND, cont\u00e1ctenos a trav\u00e9s de nuestro correo electr\u00f3nico corporativo o complete el formulario de contacto.<\/p>\n<p>Esperamos su respuesta. Le responderemos en 24 horas.[\/vc_column_text][vc_empty_space height=\u00bb120px\u00bb][\/vc_column][\/vc_row][vc_row row_style=\u00bbfull-width\u00bb padding_size=\u00bbno-padding\u00bb][vc_column text_align=\u00bbcenter\u00bb padding_size=\u00bbno-padding\u00bb][vc_raw_html]JTNDaWZyYW1lJTIwc3JjJTNEJTIyaHR0cHMlM0ElMkYlMkZ3d3cuZ29vZ2xlLmNvbSUyRm1hcHMlMkZlbWJlZCUzRnBiJTNEJTIxMW0xOCUyMTFtMTIlMjExbTMlMjExZDI0MzYuMDgxNjc4Nzc5MDk5NSUyMTJkMTYuOTQ0NjI4ODc2OTYwNDg2JTIxM2Q1Mi4zNjg5Mzg5NDc0MDI0JTIxMm0zJTIxMWYwJTIxMmYwJTIxM2YwJTIxM20yJTIxMWkxMDI0JTIxMmk3NjglMjE0ZjEzLjElMjEzbTMlMjExbTIlMjExczB4NDcwNDVhZjY2ZjI4M2FjMyUyNTNBMHhkMzY4NWMwYmNhMTE4NjM2JTIxMnNGYWxpc3RhJTI1MjAzJTI1MkMlMjUyMDYxLTI0OSUyNTIwUG96bmElMjVDNSUyNTg0JTIxNWUwJTIxM20yJTIxMXNwbCUyMTJzcGwlMjE0djE3NTE3MDc3MjkyNjIlMjE1bTIlMjExc3BsJTIxMnNwbCUyMiUyMHdpZHRoJTNEJTIyMTkyMCUyMiUyMGhlaWdodCUzRCUyMjUwMCUyMiUyMHN0eWxlJTNEJTIyYm9yZGVyJTNBMCUzQiUyMiUyMGFsbG93ZnVsbHNjcmVlbiUzRCUyMiUyMiUyMGxvYWRpbmclM0QlMjJsYXp5JTIyJTIwcmVmZXJyZXJwb2xpY3klM0QlMjJuby1yZWZlcnJlci13aGVuLWRvd25ncmFkZSUyMiUzRSUzQyUyRmlmcmFtZSUzRQ==[\/vc_raw_html][\/vc_column][\/vc_row]<\/p>\n","protected":false},"excerpt":{"rendered":"<p>[vc_row padding_size=\u00bbs-padding\u00bb][vc_column width=\u00bb1\/3&#8243;][vc_empty_space height=\u00bb20px\u00bb][wyde_info_box title=\u00bbDIRECCI\u00d3N\u00bb icon_set=\u00bbtypicons\u00bb icon_typicons=\u00bbtypcn typcn-location-outline\u00bb icon_size=\u00bbmedium\u00bb color=\u00bb#c9a74d\u00bb] Rbla Juna Mateo Garcia 23\/2D 03181 Torrevieja, Alicante [\/wyde_info_box][\/vc_column][vc_column width=\u00bb1\/3&#8243;][vc_empty_space height=\u00bb20px\u00bb][wyde_info_box title=\u00bbTel\u00e9fono\u00bb icon_set=\u00bbtypicons\u00bb icon_typicons=\u00bbtypcn typcn-phone-outline\u00bb icon_size=\u00bbmedium\u00bb color=\u00bb#c9a74d\u00bb]Tel: +48505170000[\/wyde_info_box][\/vc_column][vc_column width=\u00bb1\/3&#8243;][vc_empty_space height=\u00bb20px\u00bb][wyde_info_box title=\u00bbE-mail\u00bb icon_set=\u00bbtypicons\u00bb icon_typicons=\u00bbtypcn typcn-mail\u00bb icon_size=\u00bbmedium\u00bb color=\u00bb#c9a74d\u00bb]oficina@yogoland.eu[\/wyde_info_box][\/vc_column][\/vc_row][vc_row row_style=\u00bbfull-width\u00bb vertical_align=\u00bbmiddle\u00bb padding_size=\u00bbno-padding\u00bb background_color=\u00bb#f5f5f5&#8243;][vc_column width=\u00bb1\/2&#8243; css=\u00bb.vc_custom_1550143653660{padding-right: 2% !important;padding-left: 2% !important;}\u00bb][vc_empty_space height=\u00bb80px\u00bb][vc_empty_space height=\u00bb80px\u00bb][\/vc_column][vc_column padding_size=\u00bbno-padding\u00bb width=\u00bb1\/4&#8243;][vc_single_image image=\u00bb2180&#8243; responsive=\u00bbtrue\u00bb][\/vc_column][vc_column background_color=\u00bb#c9a74d\u00bb width=\u00bb1\/4&#8243;][vc_empty_space height=\u00bb120px\u00bb][vc_custom_heading [&hellip;]<\/p>\n","protected":false},"author":1,"featured_media":0,"parent":0,"menu_order":0,"comment_status":"closed","ping_status":"open","template":"","meta":{"footnotes":""},"class_list":["post-4261","page","type-page","status-publish","hentry"],"_links":{"self":[{"href":"https:\/\/yogoland.eu\/es\/wp-json\/wp\/v2\/pages\/4261","targetHints":{"allow":["GET"]}}],"collection":[{"href":"https:\/\/yogoland.eu\/es\/wp-json\/wp\/v2\/pages"}],"about":[{"href":"https:\/\/yogoland.eu\/es\/wp-json\/wp\/v2\/types\/page"}],"author":[{"embeddable":true,"href":"https:\/\/yogoland.eu\/es\/wp-json\/wp\/v2\/users\/1"}],"replies":[{"embeddable":true,"href":"https:\/\/yogoland.eu\/es\/wp-json\/wp\/v2\/comments?post=4261"}],"version-history":[{"count":3,"href":"https:\/\/yogoland.eu\/es\/wp-json\/wp\/v2\/pages\/4261\/revisions"}],"predecessor-version":[{"id":4328,"href":"https:\/\/yogoland.eu\/es\/wp-json\/wp\/v2\/pages\/4261\/revisions\/4328"}],"wp:attachment":[{"href":"https:\/\/yogoland.eu\/es\/wp-json\/wp\/v2\/media?parent=4261"}],"curies":[{"name":"wp","href":"https:\/\/api.w.org\/{rel}","templated":true}]}}