{"id":4226,"date":"2015-05-30T07:24:59","date_gmt":"2015-05-30T05:24:59","guid":{"rendered":"https:\/\/yogoland.eu\/home\/"},"modified":"2025-07-17T00:33:30","modified_gmt":"2025-07-16T22:33:30","slug":"home","status":"publish","type":"page","link":"https:\/\/yogoland.eu\/lt\/","title":{"rendered":"Prad\u0117ti"},"content":{"rendered":"<p>[vc_row row_style=&#8221;full-width&#8221; padding_size=&#8221;no-padding&#8221;][vc_column][rev_slider_vc alias=&#8221;slider-lt&#8221; button_style=&#8221;2&#8243; color=&#8221;#c9a74d&#8221;][\/vc_column][\/vc_row][vc_row background_color=&#8221;#262626&#8243;][vc_column][vc_column_text]<\/p>\n<h5 style=\"text-align: center;\"><span style=\"color: #c9a74d;\">Wybierz smak jogurtu i dobierz ulubione dodatki!<\/span><\/h5>\n<p>[\/vc_column_text][wyde_separator el_width=&#8221;50%&#8221; color=&#8221;#c9a74d&#8221;][wyde_clients_carousel images=&#8221;3204,3195,3181,3175,2959,2957,2956,2954,2952,2950,2947,2945,2943,2940,2936,2933,2929,2926,2924,2922,2918,2914,2910&#8243; image_size=&#8221;full&#8221; visible_items=&#8221;6&#8243; show_navigation=&#8221;true&#8221; auto_play=&#8221;3&#8243; slide_loop=&#8221;true&#8221;][\/vc_column][vc_column][\/vc_column][\/vc_row][vc_row row_style=&#8221;full-width&#8221; vertical_align=&#8221;middle&#8221; padding_size=&#8221;no-padding&#8221; background_color=&#8221;#f5f5f5&#8243; bg_image_url=&#8221;http:\/\/yogoland.eu\/wp-content\/uploads\/2019\/02\/dodatki-150&#215;150.jpg&#8221; parallax=&#8221;parallax&#8221; background_overlay=&#8221;color&#8221; overlay_color=&#8221;#020202&#8243; overlay_opacity=&#8221;0.1&#8243; background_image=&#8221;2360&#8243;][vc_column text_align=&#8221;right&#8221; width=&#8221;1\/4&#8243; css=&#8221;.vc_custom_1437131786305{padding-right: 2% !important;padding-left: 2% !important;}&#8221;][\/vc_column][vc_column background_color=&#8221;#191919&#8243; width=&#8221;1\/4&#8243;][vc_custom_heading text=&#8221;Bogactwo dodatk\u00f3w&#8221; font_container=&#8221;tag:h2|font_size:50px|text_align:right|color:%23c9a542|line_height:1.1&#8243; google_fonts=&#8221;font_family:Quicksand%3A300%2Cregular%2C700|font_style:400%20regular%3A400%3Anormal&#8221; text_transform=&#8221;none&#8221; el_class=&#8221;overlap-left&#8221; animation=&#8221;fadeInLeft&#8221;][vc_column_text css=&#8221;.vc_custom_1571382621604{margin-left: 0px !important;}&#8221;]<\/p>\n<p style=\"text-align: justify;\"><span style=\"color: white;\">Skomponuj sw\u00f3j ulubione deser!<br \/>\nWyb\u00f3r i kreatywno\u015b\u0107 zawsze w r\u0119kach naszych go\u015bci!<\/span><\/p>\n<p>[\/vc_column_text][vc_empty_space][wyde_button title=&#8221;Poznaj dodatki&#8221; size=&#8221;large&#8221; color=&#8221;#020202&#8243; bg_color=&#8221;#c9a542&#8243; css=&#8221;.vc_custom_1550933527903{background-color: #c9a542 !important;}&#8221;][vc_empty_space][\/vc_column][vc_column padding_size=&#8221;no-padding&#8221; width=&#8221;1\/4&#8243;][vc_single_image image=&#8221;2298&#8243; alignment=&#8221;center&#8221; responsive=&#8221;true&#8221;][\/vc_column][vc_column background_color=&#8221;#161616&#8243; width=&#8221;1\/4&#8243;][vc_empty_space height=&#8221;120px&#8221;][vc_custom_heading text=&#8221;Jogurt mro\u017cony&#8221; font_container=&#8221;tag:h2|font_size:50px|text_align:left|color:%23c9a542|line_height:1.1&#8243; google_fonts=&#8221;font_family:Quicksand%3A300%2Cregular%2C700|font_style:400%20regular%3A400%3Anormal&#8221; text_transform=&#8221;none&#8221; el_class=&#8221;overlap-left&#8221; animation=&#8221;fadeInLeft&#8221;][vc_custom_heading text=&#8221;Tylko od YOGOLAND&#8221; font_container=&#8221;tag:p|font_size:20px|text_align:left|color:%23ffffff|line_height:20px&#8221; google_fonts=&#8221;font_family:Quicksand%3A300%2Cregular%2C700|font_style:300%20light%20regular%3A300%3Anormal&#8221; text_transform=&#8221;uppercase&#8221; letter_spacing=&#8221;3.5px&#8221;][vc_column_text css=&#8221;.vc_custom_1550929056875{margin-top: -10px !important;padding-right: 10% !important;}&#8221;]<span style=\"color: white;\">Najwy\u017cszej jako\u015bci mro\u017cony jogurt jest zdrowy i bezt\u0142uszczowy, ma obni\u017con\u0105 kaloryczno\u015b\u0107 i dlatego jest znakomit\u0105 alternatyw\u0105 dla przek\u0105sek typu fast food oraz deser\u00f3w na bazie wysoko kalorycznych lod\u00f3w. Dzi\u0119ki najwy\u017cszej jako\u015bci bazy\/pudru, dajemy ci od\u017cywczy, pyszny, delikatny, lekki i doskona\u0142y w smaku mro\u017cony jogurt. <\/span>[\/vc_column_text][vc_empty_space][wyde_link_button title=&#8221;SPRAWD\u0179 MENU&#8221; icon_set=&#8221;typicons&#8221; icon_typicons=&#8221;typcn typcn-arrow-right&#8221; style=&#8221;none&#8221; css=&#8221;.vc_custom_1550929164418{padding-top: 0px !important;padding-right: 0px !important;padding-bottom: 0px !important;padding-left: 0px !important;}&#8221; color=&#8221;#c9a542&#8243;][vc_empty_space height=&#8221;120px&#8221;][\/vc_column][\/vc_row][vc_row padding_size=&#8221;xl-padding&#8221; background_color=&#8221;#000000&#8243; bg_image_url=&#8221;http:\/\/yogoland.eu\/wp-content\/uploads\/2019\/02\/co-po-jogurtach-150&#215;150.jpg&#8221; parallax=&#8221;parallax&#8221; background_overlay=&#8221;color&#8221; overlay_color=&#8221;#000000&#8243; overlay_opacity=&#8221;0.4&#8243; background_image=&#8221;2377&#8243;][vc_column text_align=&#8221;center&#8221;][vc_custom_heading text=&#8221;Co po jogurtach?&#8221; font_container=&#8221;tag:h2|font_size:50px|text_align:center|color:%23c9a542|line_height:70px&#8221; google_fonts=&#8221;font_family:Quicksand%3A300%2Cregular%2C700|font_style:400%20regular%3A400%3Anormal&#8221; css=&#8221;.vc_custom_1551095540821{margin-top: -10px !important;}&#8221;][vc_empty_space][wyde_link_button title=&#8221;ZOBACZ MENU&#8221; color=&#8221;#c9a542&#8243; hover_color=&#8221;#000000&#8243; link=&#8221;url:https%3A%2F%2Fyogoland.eu%2Fmenu%2F|||&#8221;][\/vc_column][\/vc_row][vc_row row_style=&#8221;full-width&#8221; vertical_align=&#8221;middle&#8221; padding_size=&#8221;no-padding&#8221; background_color=&#8221;#212121&#8243; css=&#8221;.vc_custom_1569871184562{margin-bottom: -5px !important;padding-bottom: -5px !important;}&#8221;][vc_column text_align=&#8221;right&#8221; background_color=&#8221;#191919&#8243; width=&#8221;1\/4&#8243; el_class=&#8221;overlap&#8221;][vc_empty_space height=&#8221;120px&#8221;][vc_custom_heading text=&#8221;Yogoland&#8221; font_container=&#8221;tag:h2|font_size:50px|text_align:right|color:%23ffffff|line_height:1.1&#8243; google_fonts=&#8221;font_family:Quicksand%3A300%2Cregular%2C700|font_style:700%20bold%20regular%3A700%3Anormal&#8221; text_transform=&#8221;none&#8221; animation_delay=&#8221;0.5&#8243; el_class=&#8221;overlap-right&#8221; animation=&#8221;fadeInLeft&#8221;][vc_custom_heading text=&#8221;to nie tylko mro\u017cone jogurty&#8221; font_container=&#8221;tag:h2|font_size:50px|text_align:right|color:%23ffffff|line_height:1.1&#8243; google_fonts=&#8221;font_family:Quicksand%3A300%2Cregular%2C700|font_style:700%20bold%20regular%3A700%3Anormal&#8221; text_transform=&#8221;none&#8221; animation_delay=&#8221;0.5&#8243; css=&#8221;.vc_custom_1551117677412{margin-top: -15px !important;}&#8221; el_class=&#8221;overlap-right&#8221; animation=&#8221;fadeInRight&#8221;][vc_empty_space height=&#8221;20px&#8221;][vc_column_text css=&#8221;.vc_custom_1551117882286{margin-top: -10px !important;padding-left: 10% !important;}&#8221;]<span style=\"color: white;\">Posiadamy w swojej ofercie r\u00f3wnie\u017c pyszne kawy, koktajle owocowe, \u015bwie\u017ce soki wyciskane owocowe i warzywne.<\/span>[\/vc_column_text][vc_empty_space][wyde_link_button title=&#8221;SPRAWD\u0179 MENU&#8221; icon_set=&#8221;typicons&#8221; icon_typicons=&#8221;typcn typcn-arrow-right&#8221; style=&#8221;none&#8221; css=&#8221;.vc_custom_1551703286236{padding-top: 0px !important;padding-right: 0px !important;padding-bottom: 0px !important;padding-left: 0px !important;}&#8221; color=&#8221;#c9a542&#8243; link=&#8221;url:http%3A%2F%2Fyogoland.eu%2Fmenu%2F|title:menu||&#8221;][vc_empty_space height=&#8221;120px&#8221;][\/vc_column][vc_column padding_size=&#8221;no-padding&#8221; width=&#8221;1\/4&#8243;][vc_single_image image=&#8221;2665&#8243; alignment=&#8221;center&#8221; responsive=&#8221;true&#8221;][\/vc_column][vc_column bg_image_url=&#8221;http:\/\/yogoland.eu\/wp-content\/uploads\/2019\/03\/shake-truskawka-150&#215;150.jpg&#8221; width=&#8221;1\/4&#8243; background_image=&#8221;2671&#8243;][vc_empty_space height=&#8221;320px&#8221;][\/vc_column][vc_column bg_image_url=&#8221;http:\/\/yogoland.eu\/wp-content\/uploads\/2019\/03\/wyciskane-soki-150&#215;150.jpg&#8221; width=&#8221;1\/4&#8243; background_image=&#8221;2675&#8243;][vc_empty_space height=&#8221;320px&#8221;][\/vc_column][\/vc_row]<\/p>\n","protected":false},"excerpt":{"rendered":"<p>[vc_row row_style=&#8221;full-width&#8221; padding_size=&#8221;no-padding&#8221;][vc_column][rev_slider_vc alias=&#8221;slider-lt&#8221; button_style=&#8221;2&#8243; color=&#8221;#c9a74d&#8221;][\/vc_column][\/vc_row][vc_row background_color=&#8221;#262626&#8243;][vc_column][vc_column_text] Wybierz smak jogurtu i dobierz ulubione dodatki! [\/vc_column_text][wyde_separator el_width=&#8221;50%&#8221; color=&#8221;#c9a74d&#8221;][wyde_clients_carousel images=&#8221;3204,3195,3181,3175,2959,2957,2956,2954,2952,2950,2947,2945,2943,2940,2936,2933,2929,2926,2924,2922,2918,2914,2910&#8243; image_size=&#8221;full&#8221; visible_items=&#8221;6&#8243; show_navigation=&#8221;true&#8221; auto_play=&#8221;3&#8243; slide_loop=&#8221;true&#8221;][\/vc_column][vc_column][\/vc_column][\/vc_row][vc_row row_style=&#8221;full-width&#8221; vertical_align=&#8221;middle&#8221; padding_size=&#8221;no-padding&#8221; background_color=&#8221;#f5f5f5&#8243; bg_image_url=&#8221;http:\/\/yogoland.eu\/wp-content\/uploads\/2019\/02\/dodatki-150&#215;150.jpg&#8221; parallax=&#8221;parallax&#8221; background_overlay=&#8221;color&#8221; overlay_color=&#8221;#020202&#8243; overlay_opacity=&#8221;0.1&#8243; background_image=&#8221;2360&#8243;][vc_column text_align=&#8221;right&#8221; width=&#8221;1\/4&#8243; css=&#8221;.vc_custom_1437131786305{padding-right: 2% !important;padding-left: 2% !important;}&#8221;][\/vc_column][vc_column background_color=&#8221;#191919&#8243; width=&#8221;1\/4&#8243;][vc_custom_heading text=&#8221;Bogactwo dodatk\u00f3w&#8221; font_container=&#8221;tag:h2|font_size:50px|text_align:right|color:%23c9a542|line_height:1.1&#8243; google_fonts=&#8221;font_family:Quicksand%3A300%2Cregular%2C700|font_style:400%20regular%3A400%3Anormal&#8221; text_transform=&#8221;none&#8221; el_class=&#8221;overlap-left&#8221; animation=&#8221;fadeInLeft&#8221;][vc_column_text css=&#8221;.vc_custom_1571382621604{margin-left: 0px !important;}&#8221;] Skomponuj sw\u00f3j ulubione [&hellip;]<\/p>\n","protected":false},"author":1,"featured_media":0,"parent":0,"menu_order":0,"comment_status":"open","ping_status":"open","template":"","meta":{"footnotes":""},"class_list":["post-4226","page","type-page","status-publish","hentry"],"_links":{"self":[{"href":"https:\/\/yogoland.eu\/lt\/wp-json\/wp\/v2\/pages\/4226","targetHints":{"allow":["GET"]}}],"collection":[{"href":"https:\/\/yogoland.eu\/lt\/wp-json\/wp\/v2\/pages"}],"about":[{"href":"https:\/\/yogoland.eu\/lt\/wp-json\/wp\/v2\/types\/page"}],"author":[{"embeddable":true,"href":"https:\/\/yogoland.eu\/lt\/wp-json\/wp\/v2\/users\/1"}],"replies":[{"embeddable":true,"href":"https:\/\/yogoland.eu\/lt\/wp-json\/wp\/v2\/comments?post=4226"}],"version-history":[{"count":3,"href":"https:\/\/yogoland.eu\/lt\/wp-json\/wp\/v2\/pages\/4226\/revisions"}],"predecessor-version":[{"id":4274,"href":"https:\/\/yogoland.eu\/lt\/wp-json\/wp\/v2\/pages\/4226\/revisions\/4274"}],"wp:attachment":[{"href":"https:\/\/yogoland.eu\/lt\/wp-json\/wp\/v2\/media?parent=4226"}],"curies":[{"name":"wp","href":"https:\/\/api.w.org\/{rel}","templated":true}]}}