{"id":4243,"date":"2016-04-27T09:08:53","date_gmt":"2016-04-27T07:08:53","guid":{"rendered":"https:\/\/yogoland.eu\/eventy\/"},"modified":"2025-07-14T21:29:27","modified_gmt":"2025-07-14T19:29:27","slug":"ivykius","status":"publish","type":"page","link":"https:\/\/yogoland.eu\/lt\/ivykius\/","title":{"rendered":"\u012fvykius"},"content":{"rendered":"<p>[vc_row row_style=&#8221;full-width&#8221; vertical_align=&#8221;middle&#8221; padding_size=&#8221;no-padding&#8221; background_color=&#8221;#ffffff&#8221;][vc_column padding_size=&#8221;l-padding&#8221; width=&#8221;1\/2&#8243;][vc_empty_space height=&#8221;40px&#8221;][vc_custom_heading text=&#8221;Organizacja event\u00f3w&#8221; font_container=&#8221;tag:h1|font_size:50px|text_align:left|color:%23c9a542|line_height:1.1&#8243; google_fonts=&#8221;font_family:Quicksand%3A300%2Cregular%2C700|font_style:700%20bold%20regular%3A700%3Anormal&#8221; text_transform=&#8221;none&#8221; animation=&#8221;fadeInLeft&#8221;][vc_custom_heading text=&#8221;tylko z Yogoland!&#8221; font_container=&#8221;tag:h1|font_size:50px|text_align:left|color:%23c9a542|line_height:1.1&#8243; google_fonts=&#8221;font_family:Quicksand%3A300%2Cregular%2C700|font_style:700%20bold%20regular%3A700%3Anormal&#8221; text_transform=&#8221;none&#8221; animation=&#8221;fadeInLeft&#8221;][vc_empty_space height=&#8221;20px&#8221;][vc_column_text]<\/p>\n<p class=\"p1\">Dzi\u0119ki wspania\u0142emu i niepowtarzalnemu jogurtowi mro\u017conemu mo\u017cemy uatrakcyjni\u0107 ka\u017cd\u0105 imprez\u0119 bez wzgl\u0119du na wiek uczestnik\u00f3w.<\/p>\n<p class=\"p1\">Zapraszamy do wsp\u00f3\u0142pracy firmy organizuj\u0105ce eventy, instytucje, szko\u0142y, samorz\u0105dy lokalne. Nasze zdrowe jogurty mro\u017cone zapewni\u0105 ciekaw\u0105 alternatyw\u0119 dla tradycyjnego menu na tego typu spotkaniach.<br \/>\nSerwowali\u015bmy nasze produkty na wielu imprezach jak targi, wystawy, festiwale, imprezy miko\u0142ajkowe, dni dziecka, spotkania integracyjne, szkolenia. <\/p>\n<p>[\/vc_column_text][vc_empty_space height=&#8221;20px&#8221;][vc_custom_heading text=&#8221;Osoby do kontaktu:&#8221; font_container=&#8221;tag:h2|font_size:20|text_align:left&#8221; google_fonts=&#8221;font_family:Quicksand%3A300%2Cregular%2C700|font_style:700%20bold%20regular%3A700%3Anormal&#8221;][vc_column_text]<span style=\"font-size: larger; color: #424242;\"><strong>Pawe\u0142 Zielezi\u0144ski<\/strong><\/span><br \/>\n<span style=\"color: #424242;\"><strong>manager<\/strong><\/span><br \/>\n<span style=\"font-size: larger; color: #424242;\"><strong>+48 512 733 688<\/strong><\/span><\/p>\n<p><span style=\"font-size: larger; color: #424242;\"><strong>Mi\u0142osz Mi\u0142kowski<\/strong><\/span><br \/>\n<span style=\"font-size: larger; color: #424242;\"><strong>+48 505 479 654<\/strong><\/span><br \/>\n<strong>(woj. warmi\u0144sko-mazurskie, podlaskie, lubelskie, podkarpackie)<\/strong><br \/>\n<strong><br \/>\n<\/strong>[\/vc_column_text][\/vc_column][vc_column padding_size=&#8221;no-padding&#8221; background_color=&#8221;rgba(255,255,255,0.7)&#8221; width=&#8221;1\/2&#8243;][vc_single_image image=&#8221;3151&#8243; alignment=&#8221;center&#8221; responsive=&#8221;true&#8221;][\/vc_column][\/vc_row]<\/p>\n","protected":false},"excerpt":{"rendered":"<p>[vc_row row_style=&#8221;full-width&#8221; vertical_align=&#8221;middle&#8221; padding_size=&#8221;no-padding&#8221; background_color=&#8221;#ffffff&#8221;][vc_column padding_size=&#8221;l-padding&#8221; width=&#8221;1\/2&#8243;][vc_empty_space height=&#8221;40px&#8221;][vc_custom_heading text=&#8221;Organizacja event\u00f3w&#8221; font_container=&#8221;tag:h1|font_size:50px|text_align:left|color:%23c9a542|line_height:1.1&#8243; google_fonts=&#8221;font_family:Quicksand%3A300%2Cregular%2C700|font_style:700%20bold%20regular%3A700%3Anormal&#8221; text_transform=&#8221;none&#8221; animation=&#8221;fadeInLeft&#8221;][vc_custom_heading text=&#8221;tylko z Yogoland!&#8221; font_container=&#8221;tag:h1|font_size:50px|text_align:left|color:%23c9a542|line_height:1.1&#8243; google_fonts=&#8221;font_family:Quicksand%3A300%2Cregular%2C700|font_style:700%20bold%20regular%3A700%3Anormal&#8221; text_transform=&#8221;none&#8221; animation=&#8221;fadeInLeft&#8221;][vc_empty_space height=&#8221;20px&#8221;][vc_column_text] Dzi\u0119ki wspania\u0142emu i niepowtarzalnemu jogurtowi mro\u017conemu mo\u017cemy uatrakcyjni\u0107 ka\u017cd\u0105 imprez\u0119 bez wzgl\u0119du na wiek uczestnik\u00f3w. Zapraszamy do wsp\u00f3\u0142pracy firmy organizuj\u0105ce eventy, instytucje, szko\u0142y, samorz\u0105dy lokalne. Nasze zdrowe jogurty mro\u017cone zapewni\u0105 ciekaw\u0105 alternatyw\u0119 dla [&hellip;]<\/p>\n","protected":false},"author":1,"featured_media":0,"parent":0,"menu_order":0,"comment_status":"closed","ping_status":"closed","template":"","meta":{"footnotes":""},"class_list":["post-4243","page","type-page","status-publish","hentry"],"_links":{"self":[{"href":"https:\/\/yogoland.eu\/lt\/wp-json\/wp\/v2\/pages\/4243","targetHints":{"allow":["GET"]}}],"collection":[{"href":"https:\/\/yogoland.eu\/lt\/wp-json\/wp\/v2\/pages"}],"about":[{"href":"https:\/\/yogoland.eu\/lt\/wp-json\/wp\/v2\/types\/page"}],"author":[{"embeddable":true,"href":"https:\/\/yogoland.eu\/lt\/wp-json\/wp\/v2\/users\/1"}],"replies":[{"embeddable":true,"href":"https:\/\/yogoland.eu\/lt\/wp-json\/wp\/v2\/comments?post=4243"}],"version-history":[{"count":1,"href":"https:\/\/yogoland.eu\/lt\/wp-json\/wp\/v2\/pages\/4243\/revisions"}],"predecessor-version":[{"id":4248,"href":"https:\/\/yogoland.eu\/lt\/wp-json\/wp\/v2\/pages\/4243\/revisions\/4248"}],"wp:attachment":[{"href":"https:\/\/yogoland.eu\/lt\/wp-json\/wp\/v2\/media?parent=4243"}],"curies":[{"name":"wp","href":"https:\/\/api.w.org\/{rel}","templated":true}]}}