{"id":4250,"date":"2015-06-13T02:46:33","date_gmt":"2015-06-13T00:46:33","guid":{"rendered":"https:\/\/yogoland.eu\/franczyza\/"},"modified":"2025-07-15T00:22:16","modified_gmt":"2025-07-14T22:22:16","slug":"fransize","status":"publish","type":"page","link":"https:\/\/yogoland.eu\/lt\/fransize\/","title":{"rendered":"Fran\u0161iz\u0117"},"content":{"rendered":"<p>[vc_row row_style=&#8221;full-width&#8221; vertical_align=&#8221;middle&#8221; padding_size=&#8221;no-padding&#8221; background_color=&#8221;#191919&#8243;][vc_column padding_size=&#8221;l-padding&#8221; width=&#8221;1\/2&#8243;][vc_empty_space height=&#8221;40px&#8221;][vc_custom_heading text=&#8221;Franczyza &#8211; Sprawdzony Pomys\u0142 na Biznes\u200e!&#8221; font_container=&#8221;tag:h2|font_size:50px|text_align:left|color:%23c9a542|line_height:1.1&#8243; google_fonts=&#8221;font_family:Quicksand%3A300%2Cregular%2C700|font_style:700%20bold%20regular%3A700%3Anormal&#8221; text_transform=&#8221;none&#8221; animation=&#8221;fadeInLeft&#8221;][vc_empty_space height=&#8221;20px&#8221;][vc_column_text]<\/p>\n<p style=\"text-align: justify; color: white;\">Jogurt mro\u017cony wymy\u015blono i pierwsz\u0105 sprzeda\u017c uruchomiono w Korei Po\u0142udniowej. Tam te\u017c znajduje si\u0119 ponad 1000 punkt\u00f3w sprzeda\u017cy. Warto\u015bci od\u017cywcze spowodowa\u0142y ich du\u017c\u0105 popularno\u015b\u0107, szybko zacz\u0119\u0142a rozwija\u0107 si\u0119 sprzeda\u017c na terenie USA kt\u00f3ra obecnie wynosi ponad 500 &#8222;yogurt shop-\u00f3w&#8221;.  <\/p>\n<p style=\"text-align: justify; color: white;\">YOGOLAND w momencie powstania by\u0142 w\u0142a\u015bcicielem ameryka\u0144skiej licencji na system sprzeda\u017cy i dystrybutorem na kraje europejskie pudru\/bazy do mro\u017conych jogurt\u00f3w. Od 2017 roku posiadamy w\u0142asn\u0105 receptur\u0119, co pozwoli\u0142o uruchomi\u0107 produkcj\u0119 na terenie Polski. W znacznym stopniu obni\u017cy\u0142o to cen\u0119 produktu.  <\/p>\n<p style=\"text-align: justify; color: white;\">Jogurty s\u0105 bezt\u0142uszczowe, niskokaloryczne, zawieraj\u0105 probiotyki i zdrowe bakterie. System sprzeda\u017cy, du\u017cy wyb\u00f3r smak\u00f3w i dodatk\u00f3w powoduj\u0105 \u017ce s\u0105 przysmakiem dla dzieci i starszych. <\/p>\n<p>[\/vc_column_text][vc_empty_space height=&#8221;40px&#8221;][\/vc_column][vc_column padding_size=&#8221;no-padding&#8221; background_color=&#8221;rgba(255,255,255,0.7)&#8221; width=&#8221;1\/2&#8243;][vc_single_image image=&#8221;2592&#8243; alignment=&#8221;center&#8221; responsive=&#8221;true&#8221;][\/vc_column][\/vc_row][vc_row row_style=&#8221;full-width&#8221; vertical_align=&#8221;middle&#8221; padding_size=&#8221;no-padding&#8221; background_color=&#8221;#191919&#8243;][vc_column padding_size=&#8221;no-padding&#8221; background_color=&#8221;rgba(255,255,255,0.7)&#8221; width=&#8221;1\/2&#8243;][vc_single_image image=&#8221;3267&#8243; alignment=&#8221;center&#8221; responsive=&#8221;true&#8221;][\/vc_column][vc_column padding_size=&#8221;l-padding&#8221; width=&#8221;1\/2&#8243;][vc_empty_space height=&#8221;40px&#8221;][vc_custom_heading text=&#8221;Zaufaj nam&#8221; font_container=&#8221;tag:h2|font_size:50px|text_align:left|color:%23c9a542|line_height:1.1&#8243; google_fonts=&#8221;font_family:Quicksand%3A300%2Cregular%2C700|font_style:700%20bold%20regular%3A700%3Anormal&#8221; text_transform=&#8221;none&#8221; animation=&#8221;fadeInLeft&#8221;][vc_empty_space height=&#8221;20px&#8221;][vc_column_text]<\/p>\n<p style=\"text-align: justify; color: white;\">Cieszymy si\u0119 z gwa\u0142townego rozkwitu rynku mro\u017conych jogurt\u00f3w w Polsce. Nasz system franczyzowy, doskonale \u0142\u0105czy w sobie niezale\u017cno\u015b\u0107 w\u0142a\u015bciciela i atrakcyjny pakiet biznesowy. YOGOLAND to wspania\u0142e miejsce na rozpocz\u0119cie procesu poszukiwania nowego sposobu na \u017cycie. <a href=\"http:\/\/yogoland.eu\/faq\/\">Poni\u017cej<\/a> najdziesz odpowiedzi na najcz\u0119\u015bciej zadawane pytania i zastrze\u017ce\u0144 zg\u0142oszonych przez naszych kandydat\u00f3w na Franczyzobiorc\u0119. Po zako\u0144czeniu czytania <a href=\"http:\/\/yogoland.eu\/faq\/\">FAQ<\/a> prosimy o wype\u0142nienie aplikacji on-line franczyzowej znajduj\u0105cej si\u0119 na ko\u0144cu strony. Twoje zg\u0142oszenie bezpo\u015brednio z naszej strony b\u0119dzie dok\u0142adnie sprawdzane przez nasz dzia\u0142 Rozwoju Franczyzy.    <\/p>\n<p style=\"text-align: justify; color: white;\">Przedstawiciel YOGOLAND skontaktuje si\u0119 z Pa\u0144stwem w celu om\u00f3wienia kolejnych krok\u00f3w w naszym procesie aplikacyjnym. Oczywi\u015bcie, prosimy o kontakt w dowolnym momencie i zawsze ch\u0119tnie odpowiemy na wszelkie Pa\u0144stwa pytania. Aplikacja zapewnia idealn\u0105 okazj\u0119, aby dowiedzie\u0107 si\u0119 osobi\u015bcie o wszelkich szczeg\u00f3\u0142ach dotycz\u0105cych obs\u0142ugi franczyzy YOGOLAND.  <\/p>\n<p style=\"text-align: justify; color: white;\">Kontakt! Porozmawiaj z dzia\u0142em rozwoju ju\u017c dzi\u015b! <\/p>\n<p>[\/vc_column_text][vc_empty_space height=&#8221;40px&#8221;][\/vc_column][\/vc_row][vc_row row_style=&#8221;full-width&#8221; vertical_align=&#8221;middle&#8221; padding_size=&#8221;no-padding&#8221;][vc_column padding_size=&#8221;l-padding&#8221; width=&#8221;1\/2&#8243;][vc_custom_heading text=&#8221;Formularz aplikacyjny&#8221; font_container=&#8221;tag:h1|font_size:50px|text_align:left|color:%23c9a542|line_height:1.1&#8243; google_fonts=&#8221;font_family:Quicksand%3A300%2Cregular%2C700|font_style:700%20bold%20regular%3A700%3Anormal&#8221; text_transform=&#8221;none&#8221; animation=&#8221;fadeInLeft&#8221;][vc_empty_space height=&#8221;20px&#8221;]\n<div class=\"wpcf7 no-js\" id=\"wpcf7-f2217-o1\" lang=\"pl-PL\" dir=\"ltr\" data-wpcf7-id=\"2217\">\n<div class=\"screen-reader-response\"><p role=\"status\" aria-live=\"polite\" aria-atomic=\"true\"><\/p> <ul><\/ul><\/div>\n<form action=\"\/lt\/wp-json\/wp\/v2\/pages\/4250#wpcf7-f2217-o1\" method=\"post\" class=\"wpcf7-form init\" aria-label=\"Formularz kontaktowy\" novalidate=\"novalidate\" data-status=\"init\">\n<fieldset class=\"hidden-fields-container\"><input type=\"hidden\" name=\"_wpcf7\" value=\"2217\" \/><input type=\"hidden\" name=\"_wpcf7_version\" value=\"6.1.1\" \/><input type=\"hidden\" name=\"_wpcf7_locale\" value=\"pl_PL\" \/><input type=\"hidden\" name=\"_wpcf7_unit_tag\" value=\"wpcf7-f2217-o1\" \/><input type=\"hidden\" name=\"_wpcf7_container_post\" value=\"0\" \/><input type=\"hidden\" name=\"_wpcf7_posted_data_hash\" value=\"\" \/><input type=\"hidden\" name=\"_wpcf7_recaptcha_response\" value=\"\" \/>\n<\/fieldset>\n<p><label> Imi\u0119 i nazwisko *<br \/>\n<span class=\"wpcf7-form-control-wrap\" data-name=\"your-name\"><input size=\"40\" maxlength=\"400\" class=\"wpcf7-form-control wpcf7-text wpcf7-validates-as-required\" aria-required=\"true\" aria-invalid=\"false\" value=\"\" type=\"text\" name=\"your-name\" \/><\/span> <\/label>\n<\/p>\n<p><label> E-Mail *<br \/>\n<span class=\"wpcf7-form-control-wrap\" data-name=\"your-email\"><input size=\"40\" maxlength=\"400\" class=\"wpcf7-form-control wpcf7-email wpcf7-validates-as-required wpcf7-text wpcf7-validates-as-email\" aria-required=\"true\" aria-invalid=\"false\" value=\"\" type=\"email\" name=\"your-email\" \/><\/span> <\/label>\n<\/p>\n<p><label> Telefon *<br \/>\n<span class=\"wpcf7-form-control-wrap\" data-name=\"tel-965\"><input size=\"40\" maxlength=\"400\" class=\"wpcf7-form-control wpcf7-tel wpcf7-validates-as-required wpcf7-text wpcf7-validates-as-tel\" aria-required=\"true\" aria-invalid=\"false\" value=\"\" type=\"tel\" name=\"tel-965\" \/><\/span> <\/label>\n<\/p>\n<p><label> Opisz miejsce planowanej inwestycji *<br \/>\n<span class=\"wpcf7-form-control-wrap\" data-name=\"text-326\"><input size=\"40\" maxlength=\"400\" class=\"wpcf7-form-control wpcf7-text wpcf7-validates-as-required\" aria-required=\"true\" aria-invalid=\"false\" value=\"\" type=\"text\" name=\"text-326\" \/><\/span> <\/label>\n<\/p>\n<p><label> Opisz obecne Twoje zaj\u0119cie i w przesz\u0142o\u015bci *<br \/>\n<span class=\"wpcf7-form-control-wrap\" data-name=\"text-327\"><input size=\"40\" maxlength=\"400\" class=\"wpcf7-form-control wpcf7-text wpcf7-validates-as-required\" aria-required=\"true\" aria-invalid=\"false\" value=\"\" type=\"text\" name=\"text-327\" \/><\/span> <\/label>\n<\/p>\n<p>Wysoko\u015b\u0107 \u015brodk\u00f3w jakie chcesz przeznaczy\u0107 *<br \/>\n<br \/>\n<span class=\"wpcf7-form-control-wrap\" data-name=\"checkbox-386\"><span class=\"wpcf7-form-control wpcf7-checkbox\"><span class=\"wpcf7-list-item first\"><label><input type=\"checkbox\" name=\"checkbox-386[]\" value=\"do 150.000 z\u0142\" \/><span class=\"wpcf7-list-item-label\">do 150.000 z\u0142<\/span><\/label><\/span><span class=\"wpcf7-list-item\"><label><input type=\"checkbox\" name=\"checkbox-386[]\" value=\"do 200.000 z\u0142\" \/><span class=\"wpcf7-list-item-label\">do 200.000 z\u0142<\/span><\/label><\/span><span class=\"wpcf7-list-item last\"><label><input type=\"checkbox\" name=\"checkbox-386[]\" value=\"powy\u017cej 200.000 z\u0142\" \/><span class=\"wpcf7-list-item-label\">powy\u017cej 200.000 z\u0142<\/span><\/label><\/span><\/span><\/span>\n<\/p>\n<p>Zamierzasz prowadzi\u0107 dzia\u0142alno\u015b\u0107 *<br \/>\n<br \/>\n<span class=\"wpcf7-form-control-wrap\" data-name=\"checkbox-839\"><span class=\"wpcf7-form-control wpcf7-checkbox\"><span class=\"wpcf7-list-item first\"><label><input type=\"checkbox\" name=\"checkbox-839[]\" value=\"sam \/ sama\" \/><span class=\"wpcf7-list-item-label\">sam \/ sama<\/span><\/label><\/span><span class=\"wpcf7-list-item\"><label><input type=\"checkbox\" name=\"checkbox-839[]\" value=\"w formie sp\u00f3\u0142ki\" \/><span class=\"wpcf7-list-item-label\">w formie sp\u00f3\u0142ki<\/span><\/label><\/span><span class=\"wpcf7-list-item last\"><label><input type=\"checkbox\" name=\"checkbox-839[]\" value=\"firma rodzinna\" \/><span class=\"wpcf7-list-item-label\">firma rodzinna<\/span><\/label><\/span><\/span><\/span>\n<\/p>\n<p>Czy chcesz skorzysta\u0107 z leasingu maszyn *<br \/>\n<br \/>\n<span class=\"wpcf7-form-control-wrap\" data-name=\"checkbox-410\"><span class=\"wpcf7-form-control wpcf7-checkbox\"><span class=\"wpcf7-list-item first\"><label><input type=\"checkbox\" name=\"checkbox-410[]\" value=\"tak\" \/><span class=\"wpcf7-list-item-label\">tak<\/span><\/label><\/span><span class=\"wpcf7-list-item last\"><label><input type=\"checkbox\" name=\"checkbox-410[]\" value=\"nie\" \/><span class=\"wpcf7-list-item-label\">nie<\/span><\/label><\/span><\/span><\/span>\n<\/p>\n<p>* Pola obowi\u0105zkowe<br \/>\n<input class=\"wpcf7-form-control wpcf7-submit has-spinner\" type=\"submit\" value=\"Wy\u015blij\" \/>\n<\/p><div class=\"wpcf7-response-output\" aria-hidden=\"true\"><\/div>\n<\/form>\n<\/div>\n[\/vc_column][vc_column padding_size=&#8221;no-padding&#8221; background_color=&#8221;rgba(255,255,255,0.7)&#8221; width=&#8221;1\/2&#8243;][vc_single_image image=&#8221;3102&#8243; alignment=&#8221;center&#8221; responsive=&#8221;true&#8221;][\/vc_column][\/vc_row]<\/p>\n","protected":false},"excerpt":{"rendered":"<p>[vc_row row_style=&#8221;full-width&#8221; vertical_align=&#8221;middle&#8221; padding_size=&#8221;no-padding&#8221; background_color=&#8221;#191919&#8243;][vc_column padding_size=&#8221;l-padding&#8221; width=&#8221;1\/2&#8243;][vc_empty_space height=&#8221;40px&#8221;][vc_custom_heading text=&#8221;Franczyza &#8211; Sprawdzony Pomys\u0142 na Biznes\u200e!&#8221; font_container=&#8221;tag:h2|font_size:50px|text_align:left|color:%23c9a542|line_height:1.1&#8243; google_fonts=&#8221;font_family:Quicksand%3A300%2Cregular%2C700|font_style:700%20bold%20regular%3A700%3Anormal&#8221; text_transform=&#8221;none&#8221; animation=&#8221;fadeInLeft&#8221;][vc_empty_space height=&#8221;20px&#8221;][vc_column_text] Jogurt mro\u017cony wymy\u015blono i pierwsz\u0105 sprzeda\u017c uruchomiono w Korei Po\u0142udniowej. Tam te\u017c znajduje si\u0119 ponad 1000 punkt\u00f3w sprzeda\u017cy. Warto\u015bci od\u017cywcze spowodowa\u0142y ich du\u017c\u0105 popularno\u015b\u0107, szybko zacz\u0119\u0142a rozwija\u0107 si\u0119 sprzeda\u017c na terenie USA kt\u00f3ra obecnie wynosi ponad [&hellip;]<\/p>\n","protected":false},"author":1,"featured_media":0,"parent":0,"menu_order":0,"comment_status":"open","ping_status":"open","template":"","meta":{"footnotes":""},"class_list":["post-4250","page","type-page","status-publish","hentry"],"_links":{"self":[{"href":"https:\/\/yogoland.eu\/lt\/wp-json\/wp\/v2\/pages\/4250","targetHints":{"allow":["GET"]}}],"collection":[{"href":"https:\/\/yogoland.eu\/lt\/wp-json\/wp\/v2\/pages"}],"about":[{"href":"https:\/\/yogoland.eu\/lt\/wp-json\/wp\/v2\/types\/page"}],"author":[{"embeddable":true,"href":"https:\/\/yogoland.eu\/lt\/wp-json\/wp\/v2\/users\/1"}],"replies":[{"embeddable":true,"href":"https:\/\/yogoland.eu\/lt\/wp-json\/wp\/v2\/comments?post=4250"}],"version-history":[{"count":1,"href":"https:\/\/yogoland.eu\/lt\/wp-json\/wp\/v2\/pages\/4250\/revisions"}],"predecessor-version":[{"id":4254,"href":"https:\/\/yogoland.eu\/lt\/wp-json\/wp\/v2\/pages\/4250\/revisions\/4254"}],"wp:attachment":[{"href":"https:\/\/yogoland.eu\/lt\/wp-json\/wp\/v2\/media?parent=4250"}],"curies":[{"name":"wp","href":"https:\/\/api.w.org\/{rel}","templated":true}]}}