{"id":4270,"date":"2019-03-03T11:06:18","date_gmt":"2019-03-03T10:06:18","guid":{"rendered":"https:\/\/yogoland.eu\/faq\/"},"modified":"2019-03-03T11:06:18","modified_gmt":"2019-03-03T10:06:18","slug":"faq","status":"publish","type":"page","link":"https:\/\/yogoland.eu\/lt\/faq\/","title":{"rendered":"FAQ"},"content":{"rendered":"<p>[vc_row][vc_column][vc_custom_heading text=&#8221;FAQ &#8211; czyli najcz\u0119\u015bciej zadawane pytania.&#8221; font_container=&#8221;tag:h2|text_align:center|color:%233a3a3a&#8221; google_fonts=&#8221;font_family:Quicksand%3A300%2Cregular%2C700|font_style:700%20bold%20regular%3A700%3Anormal&#8221; text_transform=&#8221;none&#8221;][vc_empty_space height=&#8221;40px&#8221;][wyde_toggle title=&#8221;Q: Jaki jest koszt otwarcia YOGOLAND?:&#8221; color=&#8221;#c9a542&#8243;]Koszty podstawowe: Op\u0142ata franczyzowa &#8211; 25,000 z\u0142 za do\u0142\u0105czenie do naszej sieci (bezzwrotne, niezbywalne). Koszt adaptacji lokalu z wyposa\u017ceniem &#8211; wyspa min. 12m2 &#8211; 170.000 z\u0142 (wst\u0119pny szacunek w zale\u017cno\u015bci od powierzchni, po\u0142o\u017cenia i stanu) &#8211; lokal w ci\u0105gu handlowym min. 30m2 &#8211; 190.000 z\u0142 (wst\u0119pny szacunek w zale\u017cno\u015bci od powierzchni, po\u0142o\u017cenia i stanu). UWAGA! &#8211; nie pobieramy op\u0142at od obrotu!     [\/wyde_toggle][wyde_toggle title=&#8221;Q: Co jest w op\u0142acie franczyzowej?&#8221; color=&#8221;#c9a542&#8243;]Op\u0142ata ta opr\u00f3cz standardowej op\u0142ata za udzielenie licencji obejmuje tak\u017ce koszt wykonania kompletnego projektu lokalu z zatwierdzonymi bran\u017cami przez odpowiednich inspektor\u00f3w.[\/wyde_toggle][wyde_toggle title=&#8221;Q: Jak d\u0142ugo trwa okres zatwierdzenia aplikacji?&#8221; color=&#8221;#c9a542&#8243;]Proces aplikacji trwa zwykle 2 tygodnie. Podstaw\u0105 do przyj\u0119cia aplikacji musi by\u0107 wskazanie wst\u0119pne lokalizacji na podstawie kt\u00f3rej YOGOLAND przekazuje wst\u0119pn\u0105 promes\u0119 do zatwierdzenia przez w\u0142a\u015bciciela lub firmy zarz\u0105dzaj\u0105cej nieruchomo\u015bci\u0105. [\/wyde_toggle][wyde_toggle title=&#8221;Q: Jaka jest zalecana wielko\u015b\u0107 lokalu?&#8221; color=&#8221;#c9a542&#8243;]12-20 m2 w przypadku wyspy oraz 20-30 m2 w przypadku lokalu w ci\u0105gu handlowym.[\/wyde_toggle][wyde_toggle title=&#8221;Q: Jakie s\u0105 inne wymogi poza powierzchni\u0105?&#8221; color=&#8221;#c9a542&#8243;]Dost\u0119p do wody oraz kanalizacji. Potrzebne tak\u017ce zasilanie 230V (wskazane 3 fazy) oraz moc zapotrzebowana 12-15 KW. [\/wyde_toggle][wyde_toggle title=&#8221;Q: Jaka jest cena maszyn do jogurtu?&#8221; color=&#8221;#c9a542&#8243;]Dla naszych franczyzobiorc\u00f3w oferujemy maszyny w cenach fabrycznych.[\/wyde_toggle][wyde_toggle title=&#8221;Q: Czy pomagacie w leasingu maszyn?&#8221; color=&#8221;#c9a542&#8243;]Tak, istnieje mo\u017cliwo\u015b\u0107 leasingu maszyn poprzez BZ WBK Finanse &amp; Leasing SA .[\/wyde_toggle][wyde_toggle title=&#8221;Q: Jaka jest gwarancja i serwis maszyn?&#8221; color=&#8221;#c9a542&#8243;]Gwarancja &#8211; 2 lata. Serwis gwarancyjny i pogwarancyjny wykonywany przez naszych technik\u00f3w. [\/wyde_toggle][wyde_toggle title=&#8221;Q: Czy franczyza jest dost\u0119pna tylko na terenie Polski?&#8221; color=&#8221;#c9a542&#8243;]Nie, aplikacje z innych kraj\u00f3w b\u0119d\u0105 te\u017c rozpatrywane. Lecencja obowi\u0105zuje na teren ca\u0142ej Europy. [\/wyde_toggle][wyde_toggle title=&#8221;Q: Ile dochodu mo\u017ce punkt wygenerowa\u0107? Jak d\u0142ugi jest okres zwrotu?&#8221; color=&#8221;#c9a542&#8243;]Zgodnie z prawem, nie przedstawiamy takich informacji publicznie. Zainteresowanym udost\u0119pnimy wszelkie materia\u0142y po zatwierdzeniu aplikacji. [\/wyde_toggle][wyde_toggle title=&#8221;Q: Czy musimy kupowa\u0107 wszystkie towary od Ciebie?&#8221; color=&#8221;#c9a542&#8243;]Nie, umowa zobowi\u0105zuje do zakupu maszyn do podstawowego wyposa\u017cenia oraz pudru\/bazy do jogurtu mro\u017conego. Pozosta\u0142y asortyment musi by\u0107 konsultowany z nami co gwarantuje sp\u00f3jno\u015b\u0107 sieci i wysok\u0105 jako\u015b\u0107 sprzedawanego asortymentu. [\/wyde_toggle][wyde_toggle title=&#8221;Q: Jak d\u0142ugo trzeba czeka\u0107 na otwarcie sklepu?&#8221; color=&#8221;#c9a542&#8243;]Po podpisaniu umowy franczyzy okres do uruchomienia sprzeda\u017cy to 3 miesi\u0105ce.[\/wyde_toggle][wyde_toggle title=&#8221;Q: Czy zapewniacie szkolenie?&#8221; color=&#8221;#c9a542&#8243;]Tak, zapewniamy szkolenie wst\u0119pne, ci\u0105g\u0142e szkolenia, wsparcie w razie potrzeby.[\/wyde_toggle][wyde_toggle title=&#8221;Q: Czy posiadacie jakie\u015b lokalizacje pod YOGOLAND-y?&#8221; color=&#8221;#c9a542&#8243;]Wsp\u00f3\u0142pracujemy z administratorami Galerii i posiadamy kilkana\u015bcie lokalizacji w galeriach o du\u017cej odwiedzalno\u015bci &#8211; szczeg\u00f3\u0142y udost\u0119pnimy po wst\u0119pnej kwalifikacji franczyzobiorcy.[\/wyde_toggle][\/vc_column][\/vc_row]<\/p>\n","protected":false},"excerpt":{"rendered":"<p>[vc_row][vc_column][vc_custom_heading text=&#8221;FAQ &#8211; czyli najcz\u0119\u015bciej zadawane pytania.&#8221; font_container=&#8221;tag:h2|text_align:center|color:%233a3a3a&#8221; google_fonts=&#8221;font_family:Quicksand%3A300%2Cregular%2C700|font_style:700%20bold%20regular%3A700%3Anormal&#8221; text_transform=&#8221;none&#8221;][vc_empty_space height=&#8221;40px&#8221;][wyde_toggle title=&#8221;Q: Jaki jest koszt otwarcia YOGOLAND?:&#8221; color=&#8221;#c9a542&#8243;]Koszty podstawowe: Op\u0142ata franczyzowa &#8211; 25,000 z\u0142 za do\u0142\u0105czenie do naszej sieci (bezzwrotne, niezbywalne). Koszt adaptacji lokalu z wyposa\u017ceniem &#8211; wyspa min. 12m2 &#8211; 170.000 z\u0142 (wst\u0119pny szacunek w zale\u017cno\u015bci od powierzchni, po\u0142o\u017cenia i stanu) &#8211; lokal w [&hellip;]<\/p>\n","protected":false},"author":1,"featured_media":0,"parent":0,"menu_order":0,"comment_status":"closed","ping_status":"closed","template":"","meta":{"footnotes":""},"class_list":["post-4270","page","type-page","status-publish","hentry"],"_links":{"self":[{"href":"https:\/\/yogoland.eu\/lt\/wp-json\/wp\/v2\/pages\/4270","targetHints":{"allow":["GET"]}}],"collection":[{"href":"https:\/\/yogoland.eu\/lt\/wp-json\/wp\/v2\/pages"}],"about":[{"href":"https:\/\/yogoland.eu\/lt\/wp-json\/wp\/v2\/types\/page"}],"author":[{"embeddable":true,"href":"https:\/\/yogoland.eu\/lt\/wp-json\/wp\/v2\/users\/1"}],"replies":[{"embeddable":true,"href":"https:\/\/yogoland.eu\/lt\/wp-json\/wp\/v2\/comments?post=4270"}],"version-history":[{"count":0,"href":"https:\/\/yogoland.eu\/lt\/wp-json\/wp\/v2\/pages\/4270\/revisions"}],"wp:attachment":[{"href":"https:\/\/yogoland.eu\/lt\/wp-json\/wp\/v2\/media?parent=4270"}],"curies":[{"name":"wp","href":"https:\/\/api.w.org\/{rel}","templated":true}]}}